{"id":1422,"date":"2024-03-10T07:04:56","date_gmt":"2024-03-10T10:04:56","guid":{"rendered":"https:\/\/indimatec.com.br\/esp\/?post_type=product&#038;p=1422"},"modified":"2024-04-03T21:17:54","modified_gmt":"2024-04-04T00:17:54","slug":"calha-de-coleta-de-tubos","status":"publish","type":"product","link":"https:\/\/indimatec.com.br\/esp\/index.php\/produto\/calha-de-coleta-de-tubos\/","title":{"rendered":"Conducto de recolecci\u00f3n de tubos"},"content":{"rendered":"<p>\u00bfValora la precisi\u00f3n y la calidad al procesar tubos y barras cortados? Nuestro Collection Chute es la soluci\u00f3n ideal para preservar la integridad de las piezas despu\u00e9s del corte. Su funci\u00f3n principal es sostener el tubo inmediatamente despu\u00e9s del corte, gui\u00e1ndolo suavemente hacia la siguiente etapa del proceso. Destaca la eficiencia de este canal\u00f3n, especialmente en tubos de longitud superior a 2000 mil\u00edmetros, conservando el arco de enderezamiento.<\/p>\n<p><strong>Modelos disponibles:<\/strong><\/p>\n<p><strong>Riel Fijo con Almacenamiento:<\/strong><\/p>\n<ul>\n<li>Modelo econ\u00f3mico sin automatizaci\u00f3n neum\u00e1tica.<\/li>\n<\/ul>\n<p><strong>Dos opciones de longitud:<\/strong> 2 y 4 metros.<\/p>\n<ul>\n<li>Configuraciones personalizadas para longitudes no est\u00e1ndar utilizando m\u00f3dulos.<\/li>\n<li>Tolva Autom\u00e1tica con Accionamiento Neum\u00e1tico y Almacenamiento:<\/li>\n<li>Ofrece las mismas caracter\u00edsticas que el carril fijo, con la diferencia del accionamiento neum\u00e1tico autom\u00e1tico.<\/li>\n<li>El accionamiento garantiza una entrega uniforme de la pieza cortada al \u00e1rea de almacenamiento.<\/li>\n<li>Disponible en longitudes de 2 y 4 metros, con opciones de configuraci\u00f3n personalizadas.<\/li>\n<\/ul>\n<p><strong>Notas importantes:<\/strong><\/p>\n<p><strong>Automatizaci\u00f3n:<\/strong> La versi\u00f3n autom\u00e1tica, cuando se compra con una de nuestras cortadoras, ya est\u00e1 integrada en el software de la m\u00e1quina, ofreciendo ajustes precisos en el tiempo de activaci\u00f3n. Por la compra exclusiva del canal\u00f3n, el cliente se hace cargo de la automatizaci\u00f3n, pero ofrecemos soporte t\u00e9cnico.<\/p>\n<p><strong>Proyectos especiales:<\/strong> Estamos listos para discutir proyectos especiales que satisfagan sus necesidades espec\u00edficas.<\/p>\n<p>No comprometa la calidad de su proceso de corte. Elija el conducto de recogida de tubos y aseg\u00farese de que sus piezas sean tratadas con la m\u00e1xima precisi\u00f3n y eficiencia. Cont\u00e1ctenos para m\u00e1s informaci\u00f3n o consultas sobre proyectos personalizados.<\/p>\n","protected":false},"excerpt":{"rendered":"[video width=\"848\" height=\"480\" mp4=\"https:\/\/indimatec.com.br\/esp\/wp-content\/uploads\/2024\/03\/Video-do-WhatsApp-de-2024-02-15-as-17.57.59_a716a578.mp4\"][\/video]\n","protected":false},"featured_media":1426,"comment_status":"open","ping_status":"closed","template":"","meta":[],"product_brand":[],"product_cat":[25],"product_tag":[],"class_list":{"0":"post-1422","1":"product","2":"type-product","3":"status-publish","4":"has-post-thumbnail","6":"product_cat-kits-y-accesorios","8":"first","9":"instock","10":"shipping-taxable","11":"product-type-simple"},"_links":{"self":[{"href":"https:\/\/indimatec.com.br\/esp\/index.php\/wp-json\/wp\/v2\/product\/1422","targetHints":{"allow":["GET"]}}],"collection":[{"href":"https:\/\/indimatec.com.br\/esp\/index.php\/wp-json\/wp\/v2\/product"}],"about":[{"href":"https:\/\/indimatec.com.br\/esp\/index.php\/wp-json\/wp\/v2\/types\/product"}],"replies":[{"embeddable":true,"href":"https:\/\/indimatec.com.br\/esp\/index.php\/wp-json\/wp\/v2\/comments?post=1422"}],"wp:featuredmedia":[{"embeddable":true,"href":"https:\/\/indimatec.com.br\/esp\/index.php\/wp-json\/wp\/v2\/media\/1426"}],"wp:attachment":[{"href":"https:\/\/indimatec.com.br\/esp\/index.php\/wp-json\/wp\/v2\/media?parent=1422"}],"wp:term":[{"taxonomy":"product_brand","embeddable":true,"href":"https:\/\/indimatec.com.br\/esp\/index.php\/wp-json\/wp\/v2\/product_brand?post=1422"},{"taxonomy":"product_cat","embeddable":true,"href":"https:\/\/indimatec.com.br\/esp\/index.php\/wp-json\/wp\/v2\/product_cat?post=1422"},{"taxonomy":"product_tag","embeddable":true,"href":"https:\/\/indimatec.com.br\/esp\/index.php\/wp-json\/wp\/v2\/product_tag?post=1422"}],"curies":[{"name":"wp","href":"https:\/\/api.w.org\/{rel}","templated":true}]}}