{"id":1446,"date":"2024-03-10T07:34:39","date_gmt":"2024-03-10T10:34:39","guid":{"rendered":"https:\/\/indimatec.com.br\/esp\/?post_type=product&#038;p=1446"},"modified":"2024-04-03T21:21:05","modified_gmt":"2024-04-04T00:21:05","slug":"cortadora-de-tubos-linha-compacta","status":"publish","type":"product","link":"https:\/\/indimatec.com.br\/esp\/index.php\/produto\/cortadora-de-tubos-linha-compacta\/","title":{"rendered":"Cortador de tubos de l\u00ednea compacta"},"content":{"rendered":"<p>\u00bfBusca el equilibrio perfecto entre automatizaci\u00f3n de vanguardia y rentabilidad superior? Presentamos nuestra Compact Cutter, una m\u00e1quina dise\u00f1ada para ofrecer lo mejor de ambos mundos. Con unas dimensiones reducidas de 1,2 metros de largo por 0,5 metros de ancho, esta m\u00e1quina proporciona una soluci\u00f3n eficaz a tus necesidades de corte.<\/p>\n<p><strong>Caracter\u00edsticas principales:<\/strong><\/p>\n<p><strong>Programaci\u00f3n r\u00e1pida de producci\u00f3n:<\/strong><\/p>\n<ul>\n<li>La pantalla de control permite una programaci\u00f3n r\u00e1pida de la longitud de la pieza y la cantidad deseada para la producci\u00f3n autom\u00e1tica.<\/li>\n<li>La m\u00e1quina se detiene autom\u00e1ticamente al completar el lote programado, garantizando eficiencia y ahorro de tiempo.<\/li>\n<\/ul>\n<p><strong>Estructura compacta y econ\u00f3mica:<\/strong><\/p>\n<ul>\n<li>Con dimensiones compactas, la cortadora ofrece practicidad sin comprometer la calidad del corte.<\/li>\n<li>Versi\u00f3n b\u00e1sica con corte con sierra circular, carro de accionamiento de 6 poleas y enderezador horizontal en la entrada.<\/li>\n<\/ul>\n<p><strong>Configuraciones y opciones personalizables:<\/strong><\/p>\n<ul>\n<li>Elija entre cabezal de corte orbital o corte con sierra circular.<\/li>\n<li>Las opciones adicionales incluyen carenado de protecci\u00f3n total y puertas con sensores de seguridad, cumplimiento con NR 10\/12 Categor\u00eda 4, carro enderezador vertical y juego adicional de poleas.<\/li>\n<\/ul>\n<p><strong>Especificaciones tecnicas:<\/strong><\/p>\n<p><strong>Di\u00e1metros servidos:<\/strong> 4 mm a 19,05 mm.<\/p>\n<ul>\n<li>Producci\u00f3n media de 460 piezas por hora en pieza de 1000 mm (los valores pueden variar*).<\/li>\n<li>Desenrollador incluido para mayor practicidad.<\/li>\n<\/ul>\n<p><strong>Notas importantes:<\/strong><\/p>\n<ul>\n<li>Los valores especificados pueden variar m\u00e1s o menos, estando medidos en una pieza de 250 mm.<\/li>\n<li>Los valores de referencia son promedios de pruebas internas y pueden variar seg\u00fan factores como el espesor de la pared, la precisi\u00f3n del di\u00e1metro de f\u00e1brica, la aleaci\u00f3n del material y el tipo de metal*.<\/li>\n<\/ul>\n<p><strong>Proyectos especiales:<\/strong> estamos listos para discutir proyectos personalizados que satisfagan sus necesidades espec\u00edficas. Cons\u00faltenos para m\u00e1s informaci\u00f3n y adaptar esta cortadora compacta a sus requerimientos particulares. Transforme sus procesos de corte con eficiencia, automatizaci\u00f3n y ahorro.<\/p>\n","protected":false},"excerpt":{"rendered":"[video width=\"848\" height=\"480\" mp4=\"https:\/\/indimatec.com.br\/esp\/wp-content\/uploads\/2024\/03\/Video-do-WhatsApp-de-2024-02-15-as-17.58.00_2fd1595c.mp4\"][\/video]\n","protected":false},"featured_media":1448,"comment_status":"open","ping_status":"closed","template":"","meta":[],"product_brand":[],"product_cat":[23],"product_tag":[],"class_list":{"0":"post-1446","1":"product","2":"type-product","3":"status-publish","4":"has-post-thumbnail","6":"product_cat-cortatubos","8":"first","9":"instock","10":"shipping-taxable","11":"product-type-simple"},"_links":{"self":[{"href":"https:\/\/indimatec.com.br\/esp\/index.php\/wp-json\/wp\/v2\/product\/1446","targetHints":{"allow":["GET"]}}],"collection":[{"href":"https:\/\/indimatec.com.br\/esp\/index.php\/wp-json\/wp\/v2\/product"}],"about":[{"href":"https:\/\/indimatec.com.br\/esp\/index.php\/wp-json\/wp\/v2\/types\/product"}],"replies":[{"embeddable":true,"href":"https:\/\/indimatec.com.br\/esp\/index.php\/wp-json\/wp\/v2\/comments?post=1446"}],"wp:featuredmedia":[{"embeddable":true,"href":"https:\/\/indimatec.com.br\/esp\/index.php\/wp-json\/wp\/v2\/media\/1448"}],"wp:attachment":[{"href":"https:\/\/indimatec.com.br\/esp\/index.php\/wp-json\/wp\/v2\/media?parent=1446"}],"wp:term":[{"taxonomy":"product_brand","embeddable":true,"href":"https:\/\/indimatec.com.br\/esp\/index.php\/wp-json\/wp\/v2\/product_brand?post=1446"},{"taxonomy":"product_cat","embeddable":true,"href":"https:\/\/indimatec.com.br\/esp\/index.php\/wp-json\/wp\/v2\/product_cat?post=1446"},{"taxonomy":"product_tag","embeddable":true,"href":"https:\/\/indimatec.com.br\/esp\/index.php\/wp-json\/wp\/v2\/product_tag?post=1446"}],"curies":[{"name":"wp","href":"https:\/\/api.w.org\/{rel}","templated":true}]}}