{"id":1460,"date":"2024-03-10T07:52:46","date_gmt":"2024-03-10T10:52:46","guid":{"rendered":"https:\/\/indimatec.com.br\/esp\/?post_type=product&#038;p=1460"},"modified":"2024-04-03T21:26:34","modified_gmt":"2024-04-04T00:26:34","slug":"cortadora-de-tubos-tracao-pneumatica-linha-economica","status":"publish","type":"product","link":"https:\/\/indimatec.com.br\/esp\/index.php\/produto\/cortadora-de-tubos-tracao-pneumatica-linha-economica\/","title":{"rendered":"L\u00ednea econ\u00f3mica de cortatubos de tracci\u00f3n neum\u00e1tica"},"content":{"rendered":"<p>Inspirado en la eficiencia del cortatubos de tracci\u00f3n neum\u00e1tica con carenado protector, este modelo presenta una estructura a\u00fan m\u00e1s delgada, ideal para quienes buscan la m\u00e1xima precisi\u00f3n en una m\u00e1quina b\u00e1sica lista para trabajar. Si buscas resultados excepcionales sin renunciar a la sencillez, esta cortadora es la elecci\u00f3n correcta.<\/p>\n<p><strong>Caracter\u00edsticas destacadas:<\/strong><\/p>\n<p><strong>Estructura compacta y segura:<\/strong><\/p>\n<ul>\n<li>Construcci\u00f3n en metal\u00f3n y l\u00e1minas de acero para mayor durabilidad y resistencia.<\/li>\n<li>Dise\u00f1o estructural simplificado, perfecto para quienes quieran incorporar la m\u00e1quina a un m\u00f3dulo de producci\u00f3n existente.<\/li>\n<\/ul>\n<p><strong>Carros de enderezamiento dobles:<\/strong><\/p>\n<ul>\n<li>Dos carros enderezadores en la entrada de la m\u00e1quina, que permiten un ajuste fino del enderezamiento.<\/li>\n<li>La tracci\u00f3n del tubo se realiza mediante cilindro neum\u00e1tico con tope mec\u00e1nico, garantizando la m\u00e1xima precisi\u00f3n longitudinal.<\/li>\n<\/ul>\n<p><strong>Programaci\u00f3n manual y flexibilidad:<\/strong><\/p>\n<ul>\n<li>Programaci\u00f3n manual de longitud mediante regla de marcado sobre mesa.<\/li>\n<li>Capacidad para programar m\u00faltiples pasos de cilindro antes de cortar*, lo que ofrece versatilidad.<\/li>\n<\/ul>\n<p><strong>Desenrollador incluido:<\/strong><\/p>\n<ul>\n<li>La m\u00e1quina ya lleva incluido un desenrollador para mayor comodidad durante el proceso.<\/li>\n<\/ul>\n<p><strong>Configuraciones y opciones:<\/strong><\/p>\n<ul>\n<li>Corte con cabezal de corte orbital o sierra circular.<\/li>\n<li>Juego adicional de poleas para ajustes personalizados.<\/li>\n<li>Canaleta de colecci\u00f3n (enlace incluido).<\/li>\n<li>Separador de corte para minimizar las rebabas.<\/li>\n<\/ul>\n<p><strong>Especificaciones tecnicas:<\/strong><\/p>\n<ul>\n<li>Di\u00e1metros servidos: 4 mm a 19,05 mm.<\/li>\n<li>Producci\u00f3n media de 320 piezas por hora en pieza de 1000 mm**.<\/li>\n<\/ul>\n<p><strong>Notas importantes:<\/strong><\/p>\n<ul>\n<li>Carrera del cilindro de 500 mil\u00edmetros por paso; para una pieza de 1000 mil\u00edmetros, el cilindro realiza dos pasadas hasta cortar*.<\/li>\n<li>Los valores especificados pueden variar m\u00e1s o menos, medidos en pieza de 250 mm**.<\/li>\n<li>Referencias de valores basadas en promedios de pruebas internas, sujetas a cambios dependiendo de las caracter\u00edsticas del material utilizado.<\/li>\n<\/ul>\n<p><strong>Proyectos Especiales:<\/strong> Cons\u00faltenos para adaptaciones y proyectos especiales seg\u00fan sus necesidades. Simplifique su proceso de corte con la cortadora neum\u00e1tica compacta, que brinda precisi\u00f3n y eficiencia sin comprometer la practicidad.<\/p>\n","protected":false},"excerpt":{"rendered":"<p><img fetchpriority=\"high\" decoding=\"async\" class=\"alignnone wp-image-1466\" src=\"https:\/\/indimatec.com.br\/esp\/wp-content\/uploads\/2024\/03\/1-8-300x225.jpg\" alt=\"\" width=\"671\" height=\"503\" srcset=\"https:\/\/indimatec.com.br\/esp\/wp-content\/uploads\/2024\/03\/1-8-300x225.jpg 300w, https:\/\/indimatec.com.br\/esp\/wp-content\/uploads\/2024\/03\/1-8-600x450.jpg 600w, https:\/\/indimatec.com.br\/esp\/wp-content\/uploads\/2024\/03\/1-8-1024x768.jpg 1024w, https:\/\/indimatec.com.br\/esp\/wp-content\/uploads\/2024\/03\/1-8-768x576.jpg 768w, https:\/\/indimatec.com.br\/esp\/wp-content\/uploads\/2024\/03\/1-8.jpg 1280w\" sizes=\"(max-width: 671px) 100vw, 671px\" \/><\/p>\n","protected":false},"featured_media":1461,"comment_status":"open","ping_status":"closed","template":"","meta":[],"product_brand":[],"product_cat":[23],"product_tag":[],"class_list":{"0":"post-1460","1":"product","2":"type-product","3":"status-publish","4":"has-post-thumbnail","6":"product_cat-cortatubos","8":"first","9":"instock","10":"shipping-taxable","11":"product-type-simple"},"_links":{"self":[{"href":"https:\/\/indimatec.com.br\/esp\/index.php\/wp-json\/wp\/v2\/product\/1460","targetHints":{"allow":["GET"]}}],"collection":[{"href":"https:\/\/indimatec.com.br\/esp\/index.php\/wp-json\/wp\/v2\/product"}],"about":[{"href":"https:\/\/indimatec.com.br\/esp\/index.php\/wp-json\/wp\/v2\/types\/product"}],"replies":[{"embeddable":true,"href":"https:\/\/indimatec.com.br\/esp\/index.php\/wp-json\/wp\/v2\/comments?post=1460"}],"wp:featuredmedia":[{"embeddable":true,"href":"https:\/\/indimatec.com.br\/esp\/index.php\/wp-json\/wp\/v2\/media\/1461"}],"wp:attachment":[{"href":"https:\/\/indimatec.com.br\/esp\/index.php\/wp-json\/wp\/v2\/media?parent=1460"}],"wp:term":[{"taxonomy":"product_brand","embeddable":true,"href":"https:\/\/indimatec.com.br\/esp\/index.php\/wp-json\/wp\/v2\/product_brand?post=1460"},{"taxonomy":"product_cat","embeddable":true,"href":"https:\/\/indimatec.com.br\/esp\/index.php\/wp-json\/wp\/v2\/product_cat?post=1460"},{"taxonomy":"product_tag","embeddable":true,"href":"https:\/\/indimatec.com.br\/esp\/index.php\/wp-json\/wp\/v2\/product_tag?post=1460"}],"curies":[{"name":"wp","href":"https:\/\/api.w.org\/{rel}","templated":true}]}}