{"id":1468,"date":"2024-03-10T08:09:01","date_gmt":"2024-03-10T11:09:01","guid":{"rendered":"https:\/\/indimatec.com.br\/esp\/?post_type=product&#038;p=1468"},"modified":"2024-04-03T21:29:13","modified_gmt":"2024-04-04T00:29:13","slug":"cortadora-orbital-de-tubos-s10-pro-ecoseries","status":"publish","type":"product","link":"https:\/\/indimatec.com.br\/esp\/index.php\/produto\/cortadora-orbital-de-tubos-s10-pro-ecoseries\/","title":{"rendered":"Cortatubos Orbital S10 PRO ECOSERIES"},"content":{"rendered":"<p>Nuestra S10 PRO ECOSERIES representa la c\u00faspide de la innovaci\u00f3n y el rendimiento, consolidada con \u00e9xito en m\u00e1s de 283 m\u00e1quinas vendidas a finales de 2023, logrando reconocimiento internacional en pa\u00edses como Argentina, M\u00e9xico, Uruguay y, m\u00e1s recientemente, en Europa, con presencia en Portugal y Italia. Esta serie, la m\u00e1s reciente y avanzada, incorpora importantes mejoras en software, electr\u00f3nica y componentes mec\u00e1nicos, convirti\u00e9ndose en un referente en el sector.<\/p>\n<p><strong>Caracter\u00edsticas notables:<\/strong><\/p>\n<p><strong>Construcci\u00f3n robusta:<\/strong><\/p>\n<ul>\n<li>Construido \u00edntegramente en acero, con la base principal rectificada para asegurar una perfecta alineaci\u00f3n.<\/li>\n<li>Estructura cuidadosamente dise\u00f1ada para mayor durabilidad y estabilidad.<\/li>\n<\/ul>\n<p><strong>Sistema de tracci\u00f3n innovador:<\/strong><\/p>\n<ul>\n<li>Dos juegos de carros enderezadores en la entrada de la m\u00e1quina, horizontal y vertical.<\/li>\n<li>Tracci\u00f3n eficiente del tubo, proporcionada por un motorreductor acoplado a un conjunto tractor de 6 poleas de PU-NEOPRENO, controlado por un codificador de 2500 PPR.<\/li>\n<\/ul>\n<p><strong>Automatizaci\u00f3n avanzada:<\/strong><\/p>\n<ul>\n<li>La programaci\u00f3n de longitud se realiza directamente en el HMI, permitiendo configurar la longitud y cantidad de piezas deseadas para la producci\u00f3n.<\/li>\n<li>Funcionamiento totalmente autom\u00e1tico, deteni\u00e9ndose cuando se completa el lote de piezas programado.<\/li>\n<\/ul>\n<p><strong>Corte orbital de alto rendimiento:<\/strong><\/p>\n<ul>\n<li>El sistema de corte orbital ofrece una calidad superior y una durabilidad avanzada.<\/li>\n<li>M\u00e1quina totalmente carenada para mayor seguridad y eficiencia.<\/li>\n<\/ul>\n<p><strong>Configuraciones y opciones:<\/strong><\/p>\n<ul>\n<li>Resaltador de corte para minimizar las rebabas (enlace incluido).<\/li>\n<li>Cabezal expansor multifunci\u00f3n (enlace incluido).<\/li>\n<li>Juego adicional de poleas.<\/li>\n<li>Canaleta de colecci\u00f3n (enlace incluido).<\/li>\n<li>M\u00e1quina dual para alta productividad (enlace incluido).<\/li>\n<li>Cumplimiento de la NR10\/12 Categor\u00eda 4.<\/li>\n<li>Certificaci\u00f3n CREA en ingenier\u00eda de seguridad.<\/li>\n<\/ul>\n<p><strong>Especificaciones tecnicas:<\/strong><\/p>\n<p><strong>Di\u00e1metros servidos:<\/strong> 4 mm a 19,05 mm.<\/p>\n<ul>\n<li>Producci\u00f3n media de 600 piezas por hora en pieza de 1000 mm**.<\/li>\n<\/ul>\n<p><strong>Notas importantes:<\/strong><\/p>\n<ul>\n<li>Los valores especificados pueden variar m\u00e1s o menos, medidos en pieza de 250 mm**.<\/li>\n<li>Referencias de valores basadas en promedios de pruebas internas, sujetas a cambios dependiendo de las caracter\u00edsticas del material utilizado.<\/li>\n<\/ul>\n<p><strong>Proyectos Especiales:<\/strong> Cons\u00faltenos para proyectos especiales que satisfagan sus necesidades espec\u00edficas. El cortatubos S10 PRO ECOSERIES es la elecci\u00f3n definitiva para quienes buscan lo mejor en precisi\u00f3n, innovaci\u00f3n y productividad.<\/p>\n","protected":false},"excerpt":{"rendered":"[video width=\"848\" height=\"480\" mp4=\"https:\/\/indimatec.com.br\/esp\/wp-content\/uploads\/2024\/03\/Video_S10ECOSSERIES.mp4\"][\/video]\n","protected":false},"featured_media":1469,"comment_status":"open","ping_status":"closed","template":"","meta":[],"product_brand":[],"product_cat":[24],"product_tag":[],"class_list":{"0":"post-1468","1":"product","2":"type-product","3":"status-publish","4":"has-post-thumbnail","6":"product_cat-cortatubos-orbitales","8":"first","9":"instock","10":"shipping-taxable","11":"product-type-simple"},"_links":{"self":[{"href":"https:\/\/indimatec.com.br\/esp\/index.php\/wp-json\/wp\/v2\/product\/1468","targetHints":{"allow":["GET"]}}],"collection":[{"href":"https:\/\/indimatec.com.br\/esp\/index.php\/wp-json\/wp\/v2\/product"}],"about":[{"href":"https:\/\/indimatec.com.br\/esp\/index.php\/wp-json\/wp\/v2\/types\/product"}],"replies":[{"embeddable":true,"href":"https:\/\/indimatec.com.br\/esp\/index.php\/wp-json\/wp\/v2\/comments?post=1468"}],"wp:featuredmedia":[{"embeddable":true,"href":"https:\/\/indimatec.com.br\/esp\/index.php\/wp-json\/wp\/v2\/media\/1469"}],"wp:attachment":[{"href":"https:\/\/indimatec.com.br\/esp\/index.php\/wp-json\/wp\/v2\/media?parent=1468"}],"wp:term":[{"taxonomy":"product_brand","embeddable":true,"href":"https:\/\/indimatec.com.br\/esp\/index.php\/wp-json\/wp\/v2\/product_brand?post=1468"},{"taxonomy":"product_cat","embeddable":true,"href":"https:\/\/indimatec.com.br\/esp\/index.php\/wp-json\/wp\/v2\/product_cat?post=1468"},{"taxonomy":"product_tag","embeddable":true,"href":"https:\/\/indimatec.com.br\/esp\/index.php\/wp-json\/wp\/v2\/product_tag?post=1468"}],"curies":[{"name":"wp","href":"https:\/\/api.w.org\/{rel}","templated":true}]}}