{"id":1478,"date":"2024-03-10T08:20:29","date_gmt":"2024-03-10T11:20:29","guid":{"rendered":"https:\/\/indimatec.com.br\/esp\/?post_type=product&#038;p=1478"},"modified":"2024-04-03T21:33:21","modified_gmt":"2024-04-04T00:33:21","slug":"cortadora-orbital-de-tubos-s10-pro-ecoseries-destacador-de-corte","status":"publish","type":"product","link":"https:\/\/indimatec.com.br\/esp\/index.php\/produto\/cortadora-orbital-de-tubos-s10-pro-ecoseries-destacador-de-corte\/","title":{"rendered":"Cortatubos Orbital S10 PRO ECOSERIES DETALLE DE CORTE"},"content":{"rendered":"<div class=\"w-full text-token-text-primary\" data-testid=\"conversation-turn-14\">\n<div class=\"px-4 py-2 justify-center text-base md:gap-6 m-auto\">\n<div class=\"flex flex-1 text-base mx-auto gap-3 md:px-5 lg:px-1 xl:px-5 md:max-w-3xl lg:max-w-[40rem] xl:max-w-[48rem] group\">\n<div class=\"relative flex w-full flex-col\">\n<div class=\"flex-col gap-1 md:gap-3\">\n<div class=\"flex flex-grow flex-col max-w-full\">\n<div class=\"min-h-[20px] text-message flex flex-col items-start gap-3 whitespace-pre-wrap break-words [.text-message+&amp;]:mt-5 overflow-x-auto\" data-message-author-role=\"user\" data-message-id=\"aaa20f7e-1d80-4b53-a8aa-221f7bbb6ada\">\n<div class=\"\">\n<p>Hablando de calidad de corte y cero rebabas externas y m\u00ednimas internas, esta es nuestra m\u00e1quina recomendada. Este modelo con el \u201cSeparador de corte\u201d opcional ofrece un excelente acabado de la circunferencia de corte y al mismo tiempo un retrabajo para desbarbar la pieza ya realizada durante el corte. En algunos casos hemos tenido con clientes que la rebaba interna era igual a cero **. El separador de corte trabaja en conjunto con el cabezal orbital, separando la pieza durante el proceso de corte. Esto significa que la cizalla de corte es m\u00e1s baja y la m\u00ednima cantidad de rebaba que queda para la parte interna es desplazada por el extractor delante del tubo. Este modelo nuestro se usa ampliamente en industrias que necesitan doblar o doblar el tubo una vez que la pieza est\u00e1 lista. M\u00e1quina fabricada \u00edntegramente en acero, con la base principal de la m\u00e1quina completamente rectificada para una perfecta alineaci\u00f3n de todo el conjunto. A la entrada de la m\u00e1quina disponemos de dos juegos de carros enderezadores, uno horizontal y otro vertical. El tubo es arrastrado por un motorreductor acoplado a un conjunto tractor con 6 poleas de PU-NEOPRENO (tecnolog\u00eda exclusiva para nuestras m\u00e1quinas) controladas por un codificador de 2500 PPR. La programaci\u00f3n de longitud se realiza directamente en el HMI, programando la longitud deseada de la pieza y la cantidad de pieza deseada para producci\u00f3n. La m\u00e1quina funciona de forma totalmente autom\u00e1tica, deteni\u00e9ndose al final del lote de piezas programado. El corte orbital es un espect\u00e1culo en s\u00ed mismo, ofrece lo mejor del mercado en cuanto a corte orbital de tubos, calidad de corte superior y durabilidad avanzada de todo el conjunto. M\u00e1quina totalmente carenada. La m\u00e1quina ya lleva incluido un desbobinador. Disponemos de varias configuraciones y opciones posibles para este modelo, tales como: \u2013 Juego Adicional de Poleas \u2013 Canal de Recolecci\u00f3n (inserte aqu\u00ed el enlace del canal de recolecci\u00f3n) \u2013 M\u00e1quina Doble de alta productividad (inserte aqu\u00ed el enlace de la m\u00e1quina doble) \u2013 NR10\/12 Categor\u00eda 4 \u2013 Certificaci\u00f3n de ingenier\u00eda de seguridad CREA La m\u00e1quina se adapta a di\u00e1metros desde 4 mm hasta 19,05 mm. La producci\u00f3n media de piezas de maquinaria para una pieza de 1.000 mil\u00edmetros es de unas 600 piezas por hora**. Cons\u00faltenos por proyectos especiales para este modelo seg\u00fan sus necesidades. * * :Valores especificados m\u00e1s o menos (medidos en una pieza de 250 mm). * * : Valores de referencia elaborados como promedio de ensayos internos, con variados materiales de aleaci\u00f3n, los cuales pueden variar dependiendo del tipo de material utilizado, considerando: Espesor de pared Precisi\u00f3n del di\u00e1metro de f\u00e1brica Material aleaci\u00f3n Tipo de metal<\/p>\n<p><strong>Cortatubos con pelador cortador:<\/strong> excelencia en el acabado y minimizaci\u00f3n de rebabas<\/p>\n<p>Cuando se trata de calidad de corte, cero rebabas externas y m\u00ednimas rebabas internas, nuestro cortador de tubos con separador de corte es la elecci\u00f3n correcta. Este modelo, equipado con el \u201cCut Detacher\u201d opcional, garantiza un acabado excepcional en la circunferencia de corte, reduciendo significativamente la necesidad de retrabajo al eliminar rebabas. En algunos casos, los clientes han informado de casi cero rebabas internas**<\/p>\n<p><strong>Caracter\u00edsticas y ventajas:<\/strong><\/p>\n<p><strong>Separador de corte opcional:<\/strong><\/p>\n<ul>\n<li>Proporciona un excelente acabado en la circunferencia del corte.<\/li>\n<li>Minimiza las rebabas internas durante el proceso de corte.<\/li>\n<li>Reduce el corte, lo que resulta en rebabas m\u00ednimas.<\/li>\n<\/ul>\n<p><strong>Construcci\u00f3n robusta:<\/strong><\/p>\n<ul>\n<li>M\u00e1quina fabricada \u00edntegramente en acero, con la base principal rectificada para asegurar una perfecta alineaci\u00f3n.<\/li>\n<li>Estructura s\u00f3lida dise\u00f1ada para mayor durabilidad y estabilidad.<\/li>\n<\/ul>\n<p><strong>Sistema de tracci\u00f3n innovador:<\/strong><\/p>\n<ul>\n<li>Dos juegos de carros enderezadores en la entrada de la m\u00e1quina, horizontal y vertical.<\/li>\n<li>Tracci\u00f3n eficiente del tubo, proporcionada por un motorreductor acoplado a un conjunto tractor de 6 poleas de PU-NEOPRENO, controlado por un codificador de 2500 PPR.<\/li>\n<\/ul>\n<p><strong>Automatizaci\u00f3n avanzada:<\/strong><\/p>\n<ul>\n<li>La programaci\u00f3n de longitud se realiza directamente en el HMI, permitiendo configurar la longitud y cantidad de piezas deseadas para la producci\u00f3n.<\/li>\n<li>Funcionamiento totalmente autom\u00e1tico, deteni\u00e9ndose cuando se completa el lote de piezas programado.<\/li>\n<\/ul>\n<p><strong>Corte orbital de alto rendimiento:<\/strong><\/p>\n<ul>\n<li>El sistema de corte orbital ofrece una calidad superior y una durabilidad avanzada.<\/li>\n<li>M\u00e1quina totalmente carenada para mayor seguridad y eficiencia.<\/li>\n<\/ul>\n<p><strong>Configuraciones y opciones:<\/strong><\/p>\n<ul>\n<li>Juego adicional de poleas.<\/li>\n<li>Canaleta de colecci\u00f3n (enlace incluido).<\/li>\n<li>M\u00e1quina dual para alta productividad (enlace incluido).<\/li>\n<li>Cumplimiento de la NR10\/12 Categor\u00eda 4.<\/li>\n<li>Certificaci\u00f3n CREA en ingenier\u00eda de seguridad.<\/li>\n<\/ul>\n<p><strong>Especificaciones tecnicas:<\/strong><\/p>\n<ul>\n<li>Di\u00e1metros servidos: 4 mm a 19,05 mm.<\/li>\n<li>Producci\u00f3n media de 600 piezas por hora en pieza de 1000 mm**.<\/li>\n<\/ul>\n<p><strong>Notas importantes:<\/strong><\/p>\n<ul>\n<li>Los valores especificados pueden variar m\u00e1s o menos, medidos en pieza de 250 mm**.<\/li>\n<li>Referencias de valores basadas en promedios de pruebas internas, sujetas a cambios dependiendo de las caracter\u00edsticas del material utilizado.<\/li>\n<\/ul>\n<p><strong>Proyectos Especiales:<\/strong> Cons\u00faltenos para proyectos personalizados seg\u00fan sus necesidades espec\u00edficas. El cortatubos con pelador cortador es la soluci\u00f3n ideal para aquellos que buscan eficiencia, precisi\u00f3n y un acabado superior.<\/p>\n<\/div>\n<\/div>\n<\/div>\n<\/div>\n<\/div>\n<\/div>\n<\/div>\n<\/div>\n","protected":false},"excerpt":{"rendered":"[video width=\"848\" height=\"480\" mp4=\"https:\/\/indimatec.com.br\/esp\/wp-content\/uploads\/2024\/03\/Video-cortado-orbital-com-deatacador-de-corte.mp4\"][\/video]\n","protected":false},"featured_media":1479,"comment_status":"open","ping_status":"closed","template":"","meta":[],"product_brand":[],"product_cat":[24],"product_tag":[],"class_list":{"0":"post-1478","1":"product","2":"type-product","3":"status-publish","4":"has-post-thumbnail","6":"product_cat-cortatubos-orbitales","8":"first","9":"instock","10":"shipping-taxable","11":"product-type-simple"},"_links":{"self":[{"href":"https:\/\/indimatec.com.br\/esp\/index.php\/wp-json\/wp\/v2\/product\/1478","targetHints":{"allow":["GET"]}}],"collection":[{"href":"https:\/\/indimatec.com.br\/esp\/index.php\/wp-json\/wp\/v2\/product"}],"about":[{"href":"https:\/\/indimatec.com.br\/esp\/index.php\/wp-json\/wp\/v2\/types\/product"}],"replies":[{"embeddable":true,"href":"https:\/\/indimatec.com.br\/esp\/index.php\/wp-json\/wp\/v2\/comments?post=1478"}],"wp:featuredmedia":[{"embeddable":true,"href":"https:\/\/indimatec.com.br\/esp\/index.php\/wp-json\/wp\/v2\/media\/1479"}],"wp:attachment":[{"href":"https:\/\/indimatec.com.br\/esp\/index.php\/wp-json\/wp\/v2\/media?parent=1478"}],"wp:term":[{"taxonomy":"product_brand","embeddable":true,"href":"https:\/\/indimatec.com.br\/esp\/index.php\/wp-json\/wp\/v2\/product_brand?post=1478"},{"taxonomy":"product_cat","embeddable":true,"href":"https:\/\/indimatec.com.br\/esp\/index.php\/wp-json\/wp\/v2\/product_cat?post=1478"},{"taxonomy":"product_tag","embeddable":true,"href":"https:\/\/indimatec.com.br\/esp\/index.php\/wp-json\/wp\/v2\/product_tag?post=1478"}],"curies":[{"name":"wp","href":"https:\/\/api.w.org\/{rel}","templated":true}]}}