{"id":1493,"date":"2024-03-10T08:44:22","date_gmt":"2024-03-10T11:44:22","guid":{"rendered":"https:\/\/indimatec.com.br\/esp\/?post_type=product&#038;p=1493"},"modified":"2024-04-06T23:29:00","modified_gmt":"2024-04-07T02:29:00","slug":"cortadora-orbital-de-tubos-s10-pro-ecoseries-cabecote-multi-funcao","status":"publish","type":"product","link":"https:\/\/indimatec.com.br\/esp\/index.php\/produto\/cortadora-orbital-de-tubos-s10-pro-ecoseries-cabecote-multi-funcao\/","title":{"rendered":"Cortatubos Orbital S10 PRO ECOSERIES CABEZAL MULTIFUNCI\u00d3N"},"content":{"rendered":"<p>Nuestro cortador de tubos con cabezal giratorio es la soluci\u00f3n ideal para quienes necesitan reelaborar un lado del tubo, ofreciendo una versatilidad y precisi\u00f3n incomparables. En el v\u00eddeo, se puede observar la m\u00e1quina en acci\u00f3n, utilizando el cabezal giratorio para expandir el interior del tubo, ejemplificando la creaci\u00f3n de un bolsillo de expansi\u00f3n para colocar otro tubo.<\/p>\n<p><strong>Caracter\u00edsticas y Beneficios:<\/strong><\/p>\n<p><strong>Cabezal giratorio para retrabajo:<\/strong><\/p>\n<ul>\n<li>Permite la personalizaci\u00f3n de herramientas seg\u00fan las necesidades del cliente.<\/li>\n<li>Varias aplicaciones posibles, como expansi\u00f3n interna, embutici\u00f3n profunda, cierre externo, bridas para sellar contratuercas, entre otras.<\/li>\n<\/ul>\n<p><strong>Construcci\u00f3n robusta:<\/strong><\/p>\n<ul>\n<li>M\u00e1quina fabricada \u00edntegramente en acero, garantizando durabilidad y estabilidad.<\/li>\n<li>Base principal rectificada para una perfecta alineaci\u00f3n de todo el conjunto.<\/li>\n<\/ul>\n<p><strong>Sistema de tracci\u00f3n innovador:<\/strong><\/p>\n<ul>\n<li>Dos juegos de carros enderezadores en la entrada de la m\u00e1quina, horizontal y vertical.<\/li>\n<li>Tracci\u00f3n eficiente del tubo, proporcionada por un motorreductor acoplado a un conjunto tractor de 6 poleas de PU-NEOPRENO, controlado por un codificador de 2500 PPR.<\/li>\n<\/ul>\n<p><strong>Automatizaci\u00f3n avanzada:<\/strong><\/p>\n<ul>\n<li>La programaci\u00f3n de longitud se realiza directamente en el HMI, permitiendo configurar la longitud y cantidad de piezas deseadas para la producci\u00f3n.<\/li>\n<li>Funcionamiento totalmente autom\u00e1tico, deteni\u00e9ndose cuando se completa el lote de piezas programado.<\/li>\n<\/ul>\n<p><strong>Corte orbital de alto rendimiento:<\/strong><\/p>\n<ul>\n<li>El sistema de corte orbital ofrece una calidad superior y una durabilidad avanzada.<\/li>\n<li>M\u00e1quina totalmente carenada para mayor seguridad y eficiencia.<\/li>\n<\/ul>\n<p><strong>Configuraciones y opciones:<\/strong><\/p>\n<ul>\n<li>Juego adicional de poleas.<\/li>\n<li>Canaleta de colecci\u00f3n (enlace incluido).<\/li>\n<li>M\u00e1quina dual para alta productividad (enlace incluido).<\/li>\n<li>Cumplimiento de la NR10\/12 Categor\u00eda 4.<\/li>\n<li>Certificaci\u00f3n CREA en ingenier\u00eda de seguridad.<\/li>\n<\/ul>\n<p><strong>Especificaciones tecnicas:<\/strong><\/p>\n<ul>\n<li>Di\u00e1metros servidos: 4 mm a 19,05 mm.<\/li>\n<li>Producci\u00f3n media de 300 piezas por hora en pieza de 1000 mm**.<\/li>\n<\/ul>\n<p><strong>Notas importantes:<\/strong><\/p>\n<ul>\n<li>Los valores especificados pueden variar m\u00e1s o menos, medidos en pieza de 250 mm**.<\/li>\n<li>Referencias de valores basadas en promedios de pruebas internas, sujetas a cambios dependiendo de las caracter\u00edsticas del material utilizado.<\/li>\n<\/ul>\n<p><strong>Proyectos Especiales:<\/strong> Cons\u00faltenos para proyectos personalizados que satisfagan sus necesidades espec\u00edficas. El cortador de tubos con cabezal giratorio es la opci\u00f3n definitiva para quienes buscan personalizaci\u00f3n y eficiencia en un solo equipo.<\/p>\n","protected":false},"excerpt":{"rendered":"[video width=\"480\" height=\"368\" mp4=\"https:\/\/indimatec.com.br\/esp\/wp-content\/uploads\/2024\/03\/S10-PRO-ECOSERIES-CABECOTE-MULTI-FUNCAO.mp4\"][\/video]\n","protected":false},"featured_media":1746,"comment_status":"open","ping_status":"closed","template":"","meta":[],"product_brand":[],"product_cat":[24],"product_tag":[],"class_list":{"0":"post-1493","1":"product","2":"type-product","3":"status-publish","4":"has-post-thumbnail","6":"product_cat-cortatubos-orbitales","8":"first","9":"instock","10":"shipping-taxable","11":"product-type-simple"},"_links":{"self":[{"href":"https:\/\/indimatec.com.br\/esp\/index.php\/wp-json\/wp\/v2\/product\/1493","targetHints":{"allow":["GET"]}}],"collection":[{"href":"https:\/\/indimatec.com.br\/esp\/index.php\/wp-json\/wp\/v2\/product"}],"about":[{"href":"https:\/\/indimatec.com.br\/esp\/index.php\/wp-json\/wp\/v2\/types\/product"}],"replies":[{"embeddable":true,"href":"https:\/\/indimatec.com.br\/esp\/index.php\/wp-json\/wp\/v2\/comments?post=1493"}],"wp:featuredmedia":[{"embeddable":true,"href":"https:\/\/indimatec.com.br\/esp\/index.php\/wp-json\/wp\/v2\/media\/1746"}],"wp:attachment":[{"href":"https:\/\/indimatec.com.br\/esp\/index.php\/wp-json\/wp\/v2\/media?parent=1493"}],"wp:term":[{"taxonomy":"product_brand","embeddable":true,"href":"https:\/\/indimatec.com.br\/esp\/index.php\/wp-json\/wp\/v2\/product_brand?post=1493"},{"taxonomy":"product_cat","embeddable":true,"href":"https:\/\/indimatec.com.br\/esp\/index.php\/wp-json\/wp\/v2\/product_cat?post=1493"},{"taxonomy":"product_tag","embeddable":true,"href":"https:\/\/indimatec.com.br\/esp\/index.php\/wp-json\/wp\/v2\/product_tag?post=1493"}],"curies":[{"name":"wp","href":"https:\/\/api.w.org\/{rel}","templated":true}]}}