{"id":1510,"date":"2024-03-10T08:59:17","date_gmt":"2024-03-10T11:59:17","guid":{"rendered":"https:\/\/indimatec.com.br\/esp\/?post_type=product&#038;p=1510"},"modified":"2024-04-04T22:59:06","modified_gmt":"2024-04-05T01:59:06","slug":"kit-cabecote-orbital-s10-pro","status":"publish","type":"product","link":"https:\/\/indimatec.com.br\/esp\/index.php\/produto\/kit-cabecote-orbital-s10-pro\/","title":{"rendered":"Cuchillo de corte orbital"},"content":{"rendered":"<div class=\"flex-1 overflow-hidden\">\n<div class=\"react-scroll-to-bottom--css-fixal-79elbk h-full\">\n<div class=\"react-scroll-to-bottom--css-fixal-1n7m0yu\">\n<div class=\"flex flex-col text-sm pb-9\">\n<div class=\"w-full text-token-text-primary\" data-testid=\"conversation-turn-21\">\n<div class=\"px-4 py-2 justify-center text-base md:gap-6 m-auto\">\n<div class=\"flex flex-1 text-base mx-auto gap-3 md:px-5 lg:px-1 xl:px-5 md:max-w-3xl lg:max-w-[40rem] xl:max-w-[48rem] group final-completion\">\n<div class=\"relative flex w-full flex-col agent-turn\">\n<div class=\"flex-col gap-1 md:gap-3\">\n<div class=\"flex flex-grow flex-col max-w-full\">\n<div class=\"min-h-[20px] text-message flex flex-col items-start gap-3 whitespace-pre-wrap break-words [.text-message+&amp;]:mt-5 overflow-x-auto\" data-message-author-role=\"assistant\" data-message-id=\"5506552e-27a2-4212-b066-5ec3592ba33b\">\n<div class=\"markdown prose w-full break-words dark:prose-invert light\">\n<p>Nuestras cuchillas orbitales cuentan con un dise\u00f1o exclusivo y \u00fanico, desarrollado durante m\u00e1s de dos d\u00e9cadas para brindar los mejores resultados en acabado de corte y durabilidad. Fabricados con material importado de Italia, estos cuchillos est\u00e1n dise\u00f1ados para adaptarse a una variedad de aleaciones que incluyen:<\/p>\n<ul>\n<li>Cobre<\/li>\n<li>Aluminio<\/li>\n<li>Acero inoxidable<\/li>\n<li>Acero carbono<\/li>\n<li>Acero galvanizado<\/li>\n<li>Lat\u00f3n<\/li>\n<li>Tubos capilares<\/li>\n<\/ul>\n<p>Adem\u00e1s de su versatilidad en cuanto a materiales, nuestras cuchillas orbitales destacan por su excepcional durabilidad. Fueron desarrollados para ofrecer una larga vida \u00fatil, manteniendo la precisi\u00f3n y la calidad de corte en el tiempo. Una de las diferencias es el proceso de reafilado, que permite restaurar el cuchillo, brindando una durabilidad de hasta un 70%, a un costo aproximadamente seis veces menor en comparaci\u00f3n con la compra de una pieza nueva.<\/p>\n<p><strong>Ventajas de nuestro modelo de cuchilla orbital:<\/strong><\/p>\n<p><strong>Durabilidad excepcional:<\/strong> Dise\u00f1ado para resistir el desgaste continuo y mantener la calidad del corte.<\/p>\n<p><strong>Material de alta calidad:<\/strong> importado de Italia para garantizar un rendimiento superior.<\/p>\n<p><strong>Versatilidad en Materiales:<\/strong> Adecuado para una variedad de aleaciones, adapt\u00e1ndose a las necesidades espec\u00edficas de su producci\u00f3n.<\/p>\n<p><strong>Rectificado Eficiente:<\/strong> Proceso econ\u00f3mico para restaurar la cuchilla, alargando su vida \u00fatil.<\/p>\n<p><strong>Cons\u00faltenos para proyectos especiales:<\/strong> Estamos disponibles para discutir proyectos especiales adaptados a sus necesidades espec\u00edficas. P\u00f3ngase en contacto para obtener m\u00e1s informaci\u00f3n sobre nuestro juego de cuchillas orbitales y descubra c\u00f3mo podemos optimizar su proceso de corte.<\/p>\n<\/div>\n<\/div>\n<\/div>\n<\/div>\n<\/div>\n<\/div>\n<\/div>\n<\/div>\n<\/div>\n<\/div>\n<\/div>\n<\/div>\n","protected":false},"excerpt":{"rendered":"<p>Nuestras cuchillas orbitales cuentan con un dise\u00f1o exclusivo y \u00fanico, desarrollado durante m\u00e1s de dos d\u00e9cadas para brindar los mejores resultados en acabado de corte y durabilidad. Fabricados con material importado de Italia, estos cuchillos est\u00e1n dise\u00f1ados para adaptarse a una variedad de aleaciones que incluyen: Cobre Aluminio Acero inoxidable Acero carbono Acero galvanizado Lat\u00f3n [&hellip;]<\/p>\n","protected":false},"featured_media":1511,"comment_status":"open","ping_status":"closed","template":"","meta":[],"product_brand":[],"product_cat":[25],"product_tag":[],"class_list":{"0":"post-1510","1":"product","2":"type-product","3":"status-publish","4":"has-post-thumbnail","6":"product_cat-kits-y-accesorios","8":"first","9":"instock","10":"shipping-taxable","11":"product-type-simple"},"_links":{"self":[{"href":"https:\/\/indimatec.com.br\/esp\/index.php\/wp-json\/wp\/v2\/product\/1510","targetHints":{"allow":["GET"]}}],"collection":[{"href":"https:\/\/indimatec.com.br\/esp\/index.php\/wp-json\/wp\/v2\/product"}],"about":[{"href":"https:\/\/indimatec.com.br\/esp\/index.php\/wp-json\/wp\/v2\/types\/product"}],"replies":[{"embeddable":true,"href":"https:\/\/indimatec.com.br\/esp\/index.php\/wp-json\/wp\/v2\/comments?post=1510"}],"wp:featuredmedia":[{"embeddable":true,"href":"https:\/\/indimatec.com.br\/esp\/index.php\/wp-json\/wp\/v2\/media\/1511"}],"wp:attachment":[{"href":"https:\/\/indimatec.com.br\/esp\/index.php\/wp-json\/wp\/v2\/media?parent=1510"}],"wp:term":[{"taxonomy":"product_brand","embeddable":true,"href":"https:\/\/indimatec.com.br\/esp\/index.php\/wp-json\/wp\/v2\/product_brand?post=1510"},{"taxonomy":"product_cat","embeddable":true,"href":"https:\/\/indimatec.com.br\/esp\/index.php\/wp-json\/wp\/v2\/product_cat?post=1510"},{"taxonomy":"product_tag","embeddable":true,"href":"https:\/\/indimatec.com.br\/esp\/index.php\/wp-json\/wp\/v2\/product_tag?post=1510"}],"curies":[{"name":"wp","href":"https:\/\/api.w.org\/{rel}","templated":true}]}}