{"id":1524,"date":"2024-03-10T09:17:17","date_gmt":"2024-03-10T12:17:17","guid":{"rendered":"https:\/\/indimatec.com.br\/esp\/?post_type=product&#038;p=1524"},"modified":"2024-04-06T23:39:23","modified_gmt":"2024-04-07T02:39:23","slug":"prensa-aletadeira-estampadeira-automatica","status":"publish","type":"product","link":"https:\/\/indimatec.com.br\/esp\/index.php\/produto\/prensa-aletadeira-estampadeira-automatica\/","title":{"rendered":"Prensa autom\u00e1tica de estampado"},"content":{"rendered":"<p>Somos la \u00fanica empresa en Brasil que ofrece un modelo Flip Press completamente listo para el cliente. Desde la estructura de la m\u00e1quina hasta los estampados, componentes mec\u00e1nicos, cuadro el\u00e9ctrico, automatizaci\u00f3n e ingenier\u00eda de software, cuidamos cada detalle para entregar una m\u00e1quina lista para producci\u00f3n. Este modelo est\u00e1 especialmente indicado para fabricantes de aletas, como radiadores, intercoolers, evaporadores, condensadores, fabricantes de paneles solares, entre otros que requieren procesos de estampado autom\u00e1tico.<\/p>\n<p><strong>Dos modelos disponibles:<\/strong><\/p>\n<p><strong>Prensa de giro de modelo simple:<\/strong><\/p>\n<ul>\n<li>Un lado de la producci\u00f3n.<\/li>\n<li>Prensa abatible de modelo doble:<\/li>\n<li>Dos lados de producci\u00f3n en una sola estructura.<\/li>\n<li>Doble producci\u00f3n o producci\u00f3n simult\u00e1nea de dos modelos de aletas diferentes.<\/li>\n<\/ul>\n<p><strong>Principales caracter\u00edsticas:<\/strong><\/p>\n<ul>\n<li><strong>Automatizaci\u00f3n Completa:<\/strong> Funciona de forma completamente autom\u00e1tica, programable directamente en la HMI (Interfaz Hombre-M\u00e1quina).<\/li>\n<li><strong>Programaci\u00f3n Flexible:<\/strong> Configure la cantidad de orificios deseados en las aletas y la cantidad de piezas para el lote de producci\u00f3n.<\/li>\n<li><strong>Desbobinador Autom\u00e1tico:<\/strong> Libera el material seg\u00fan las necesidades de la m\u00e1quina.<\/li>\n<\/ul>\n<p><strong>El juego incluye:<\/strong><\/p>\n<ul>\n<li>Prensa Hidr\u00e1ulica (Simple o Doble)<\/li>\n<li>Patr\u00f3n de corte y dibujo de aletas (personalizado seg\u00fan las necesidades del cliente)<\/li>\n<li>Alimentador neum\u00e1tico<\/li>\n<li>Espaciador para corte de m\u00faltiples orificios<\/li>\n<li>Guillotina Neum\u00e1tica<\/li>\n<li>Calandra de enderezamiento y lubricaci\u00f3n de cintas para estampaci\u00f3n<\/li>\n<li>Panel de control<\/li>\n<li>HMI y PLC<\/li>\n<li>Desenrollador autom\u00e1tico de cinta<\/li>\n<\/ul>\n<p><strong>Ventajas del Modelo Doble:<\/strong><\/p>\n<ul>\n<li>Producci\u00f3n plegada en una sola estructura.<\/li>\n<li>Producci\u00f3n simult\u00e1nea de dos modelos de aletas diferentes.<\/li>\n<li>Costo 30% menor en comparaci\u00f3n con la compra de dos prensas simples.<\/li>\n<\/ul>\n<p><strong>Cons\u00faltenos para Proyectos Especiales:<\/strong> Estamos listos para satisfacer sus necesidades espec\u00edficas. Cons\u00faltanos para proyectos especiales y descubre c\u00f3mo simplificar y mejorar la producci\u00f3n de aletas en tu empresa.<\/p>\n","protected":false},"excerpt":{"rendered":"[video width=\"848\" height=\"480\" mp4=\"https:\/\/indimatec.com.br\/esp\/wp-content\/uploads\/2024\/03\/Prensa_aleteira.mp4\"][\/video]\n[video width=\"848\" height=\"480\" mp4=\"https:\/\/indimatec.com.br\/esp\/wp-content\/uploads\/2024\/03\/Video-do-WhatsApp-de-2024-02-15-as-18.23.41_da0ba6d6.mp4\"][\/video]\n","protected":false},"featured_media":1526,"comment_status":"open","ping_status":"closed","template":"","meta":[],"product_brand":[],"product_cat":[26],"product_tag":[],"class_list":{"0":"post-1524","1":"product","2":"type-product","3":"status-publish","4":"has-post-thumbnail","6":"product_cat-prensas-y-montaje-de-aletas","8":"first","9":"instock","10":"shipping-taxable","11":"product-type-simple"},"_links":{"self":[{"href":"https:\/\/indimatec.com.br\/esp\/index.php\/wp-json\/wp\/v2\/product\/1524","targetHints":{"allow":["GET"]}}],"collection":[{"href":"https:\/\/indimatec.com.br\/esp\/index.php\/wp-json\/wp\/v2\/product"}],"about":[{"href":"https:\/\/indimatec.com.br\/esp\/index.php\/wp-json\/wp\/v2\/types\/product"}],"replies":[{"embeddable":true,"href":"https:\/\/indimatec.com.br\/esp\/index.php\/wp-json\/wp\/v2\/comments?post=1524"}],"wp:featuredmedia":[{"embeddable":true,"href":"https:\/\/indimatec.com.br\/esp\/index.php\/wp-json\/wp\/v2\/media\/1526"}],"wp:attachment":[{"href":"https:\/\/indimatec.com.br\/esp\/index.php\/wp-json\/wp\/v2\/media?parent=1524"}],"wp:term":[{"taxonomy":"product_brand","embeddable":true,"href":"https:\/\/indimatec.com.br\/esp\/index.php\/wp-json\/wp\/v2\/product_brand?post=1524"},{"taxonomy":"product_cat","embeddable":true,"href":"https:\/\/indimatec.com.br\/esp\/index.php\/wp-json\/wp\/v2\/product_cat?post=1524"},{"taxonomy":"product_tag","embeddable":true,"href":"https:\/\/indimatec.com.br\/esp\/index.php\/wp-json\/wp\/v2\/product_tag?post=1524"}],"curies":[{"name":"wp","href":"https:\/\/api.w.org\/{rel}","templated":true}]}}