{"id":1542,"date":"2024-03-10T09:27:33","date_gmt":"2024-03-10T12:27:33","guid":{"rendered":"https:\/\/indimatec.com.br\/esp\/?post_type=product&#038;p=1542"},"modified":"2024-04-04T23:15:44","modified_gmt":"2024-04-05T02:15:44","slug":"mesa-de-montagem-de-aletas","status":"publish","type":"product","link":"https:\/\/indimatec.com.br\/esp\/index.php\/produto\/mesa-de-montagem-de-aletas\/","title":{"rendered":"Mesa de montaje de aletas"},"content":{"rendered":"<p>Somos una de las \u00fanicas empresas en Brasil especializada en la fabricaci\u00f3n y montaje de mesas para bloques de radiadores, intercooler y panales. Construimos mesas a medida, adapt\u00e1ndolas a las necesidades y tama\u00f1os espec\u00edficos de nuestros clientes. Nuestros est\u00e1ndares de producci\u00f3n incluyen peines fabricados con pl\u00e1stico marino de \u00faltima generaci\u00f3n, lo que garantiza una alt\u00edsima resistencia y durabilidad, con canales que var\u00edan de 4 a 10 aletas por pulgada.<\/p>\n<p><strong>Caracter\u00edsticas principales:<\/strong><\/p>\n<p><strong>Peines con cuentas:<\/strong> fabricados con pl\u00e1stico marino de \u00faltima generaci\u00f3n, que ofrece una resistencia y durabilidad excepcionales.<\/p>\n<p><strong>Variedad de canales:<\/strong> Ofrecemos canales con 4, 5, 6, 7, 8,5 y 10 aletas por pulgada para adaptarse a diversas aplicaciones.<\/p>\n<p><strong>Estructura robusta:<\/strong> La mesa est\u00e1 hecha de acero en \u00e1ngulo de 2 \u2033 x 2 \u2033 x 1\/4 \u2033, lo que proporciona robustez y estabilidad.<\/p>\n<p><strong>Ajuste de altura:<\/strong> Ajuste f\u00e1cil y preciso mediante tornillo sin fin, lo que permite adaptar la mesa seg\u00fan sea necesario.<\/p>\n<p><strong>Base para Expansor:<\/strong> Frontal con base de soporte y ajuste de altura para tubo expansor.<\/p>\n<p><strong>Composici\u00f3n de la mesa:<\/strong><\/p>\n<ul>\n<li>Estructura de acero en \u00e1ngulo<\/li>\n<li>Peines ondulados para montaje de aletas<\/li>\n<li>Rosca helicoidal para ajuste individual<\/li>\n<li>Base para Expansor con Ajuste de Altura<\/li>\n<li>Taladrado y mecanizado CNC para precisi\u00f3n<\/li>\n<\/ul>\n<p>Cons\u00faltenos para Proyectos Especiales: Entendemos que cada producci\u00f3n es \u00fanica. Cons\u00faltenos para proyectos especiales y descubra c\u00f3mo nuestra mesa personalizada puede optimizar y mejorar su l\u00ednea de producci\u00f3n de radiadores e intercoolers. Estamos listos para satisfacer sus necesidades espec\u00edficas.<\/p>\n","protected":false},"excerpt":{"rendered":"[video width=\"848\" height=\"480\" mp4=\"https:\/\/indimatec.com.br\/esp\/wp-content\/uploads\/2024\/03\/Video-do-WhatsApp-de-2024-02-15-as-17.58.03_14caf9dc.mp4\"][\/video]\n","protected":false},"featured_media":1550,"comment_status":"open","ping_status":"closed","template":"","meta":[],"product_brand":[],"product_cat":[26],"product_tag":[],"class_list":{"0":"post-1542","1":"product","2":"type-product","3":"status-publish","4":"has-post-thumbnail","6":"product_cat-prensas-y-montaje-de-aletas","8":"first","9":"instock","10":"shipping-taxable","11":"product-type-simple"},"_links":{"self":[{"href":"https:\/\/indimatec.com.br\/esp\/index.php\/wp-json\/wp\/v2\/product\/1542","targetHints":{"allow":["GET"]}}],"collection":[{"href":"https:\/\/indimatec.com.br\/esp\/index.php\/wp-json\/wp\/v2\/product"}],"about":[{"href":"https:\/\/indimatec.com.br\/esp\/index.php\/wp-json\/wp\/v2\/types\/product"}],"replies":[{"embeddable":true,"href":"https:\/\/indimatec.com.br\/esp\/index.php\/wp-json\/wp\/v2\/comments?post=1542"}],"wp:featuredmedia":[{"embeddable":true,"href":"https:\/\/indimatec.com.br\/esp\/index.php\/wp-json\/wp\/v2\/media\/1550"}],"wp:attachment":[{"href":"https:\/\/indimatec.com.br\/esp\/index.php\/wp-json\/wp\/v2\/media?parent=1542"}],"wp:term":[{"taxonomy":"product_brand","embeddable":true,"href":"https:\/\/indimatec.com.br\/esp\/index.php\/wp-json\/wp\/v2\/product_brand?post=1542"},{"taxonomy":"product_cat","embeddable":true,"href":"https:\/\/indimatec.com.br\/esp\/index.php\/wp-json\/wp\/v2\/product_cat?post=1542"},{"taxonomy":"product_tag","embeddable":true,"href":"https:\/\/indimatec.com.br\/esp\/index.php\/wp-json\/wp\/v2\/product_tag?post=1542"}],"curies":[{"name":"wp","href":"https:\/\/api.w.org\/{rel}","templated":true}]}}