{"id":1557,"date":"2024-03-10T09:39:03","date_gmt":"2024-03-10T12:39:03","guid":{"rendered":"https:\/\/indimatec.com.br\/esp\/?post_type=product&#038;p=1557"},"modified":"2024-04-06T23:38:37","modified_gmt":"2024-04-07T02:38:37","slug":"kit-fabrica-de-blocos-de-aluminio-radiadores-evaporadores-condensadores-aletados","status":"publish","type":"product","link":"https:\/\/indimatec.com.br\/esp\/index.php\/produto\/kit-fabrica-de-blocos-de-aluminio-radiadores-evaporadores-condensadores-aletados\/","title":{"rendered":"Kit de f\u00e1brica de bloques de aluminio Radiadores Evaporadores Condensadores con aletas"},"content":{"rendered":"<p>Presentando nuestro \u00fanico y exclusivo kit de producci\u00f3n en Brasil, le ofrecemos la f\u00e1brica completa de bloques de aluminio, destinados a radiadores, evaporadores, condensadores o adaptados seg\u00fan sus necesidades espec\u00edficas. Este kit est\u00e1 dise\u00f1ado y producido en nuestras instalaciones, listo para integrarse en su l\u00ednea de producci\u00f3n, proporcionando una transici\u00f3n fluida a la fabricaci\u00f3n interna.<\/p>\n<p><strong>Componentes del kit:<\/strong><\/p>\n<ul>\n<li><strong>Prensa giratoria con estampado autom\u00e1tico:<\/strong> Presione Enlace (insertar enlace)<\/li>\n<li><strong>Automatizaci\u00f3n Electr\u00f3nica para Prensas:<\/strong> Enlace Automatizaci\u00f3n (insertar enlace)<\/li>\n<li><strong>Conjunto Mec\u00e1nico Completo para Automatizaci\u00f3n de Prensa:<\/strong> Enlace de Prensa (insertar enlace)<\/li>\n<li>Desbobinador autom\u00e1tico de placas<\/li>\n<li><strong>Cortador de tubos compacto:<\/strong> Enlace de corte compacto (insertar enlace)<\/li>\n<\/ul>\n<p>Desenrollador de tubos<\/p>\n<p><strong>Mesa de montaje de aletas:<\/strong> Enlace de la mesa de montaje (insertar enlace)<\/p>\n<p>Expansor neum\u00e1tico para expansi\u00f3n de tubos en mesa<\/p>\n<p>Adem\u00e1s de proporcionar una f\u00e1brica completa, ofrecemos formaci\u00f3n personalizada directamente en su empresa. Nuestra capacitaci\u00f3n cubre operaci\u00f3n eficiente de equipos, puesta a punto de m\u00e1quinas, informaci\u00f3n t\u00e9cnica para la producci\u00f3n como la adecuada selecci\u00f3n de materiales, aleaciones y proveedores confiables, as\u00ed como orientaci\u00f3n sobre todo el proceso necesario para iniciar y gestionar la producci\u00f3n en sus instalaciones.<\/p>\n<p>Cont\u00e1ctenos para Proyectos Especiales: Cont\u00e1ctenos directamente para detalles espec\u00edficos sobre este kit exclusivo desarrollado por Indimatec y LGMAC. Estamos listos para satisfacer sus necesidades y ayudarlo a implementar una soluci\u00f3n completa para su producci\u00f3n de bloques de alum\u00ednio.<\/p>\n","protected":false},"excerpt":{"rendered":"[video width=\"352\" height=\"640\" mp4=\"https:\/\/indimatec.com.br\/esp\/wp-content\/uploads\/2024\/03\/WhatsApp-Video-2024-04-06-at-11.04.26-PM.mp4\"][\/video]\n","protected":false},"featured_media":1761,"comment_status":"open","ping_status":"closed","template":"","meta":[],"product_brand":[],"product_cat":[25],"product_tag":[],"class_list":{"0":"post-1557","1":"product","2":"type-product","3":"status-publish","4":"has-post-thumbnail","6":"product_cat-kits-y-accesorios","8":"first","9":"instock","10":"shipping-taxable","11":"product-type-simple"},"_links":{"self":[{"href":"https:\/\/indimatec.com.br\/esp\/index.php\/wp-json\/wp\/v2\/product\/1557","targetHints":{"allow":["GET"]}}],"collection":[{"href":"https:\/\/indimatec.com.br\/esp\/index.php\/wp-json\/wp\/v2\/product"}],"about":[{"href":"https:\/\/indimatec.com.br\/esp\/index.php\/wp-json\/wp\/v2\/types\/product"}],"replies":[{"embeddable":true,"href":"https:\/\/indimatec.com.br\/esp\/index.php\/wp-json\/wp\/v2\/comments?post=1557"}],"wp:featuredmedia":[{"embeddable":true,"href":"https:\/\/indimatec.com.br\/esp\/index.php\/wp-json\/wp\/v2\/media\/1761"}],"wp:attachment":[{"href":"https:\/\/indimatec.com.br\/esp\/index.php\/wp-json\/wp\/v2\/media?parent=1557"}],"wp:term":[{"taxonomy":"product_brand","embeddable":true,"href":"https:\/\/indimatec.com.br\/esp\/index.php\/wp-json\/wp\/v2\/product_brand?post=1557"},{"taxonomy":"product_cat","embeddable":true,"href":"https:\/\/indimatec.com.br\/esp\/index.php\/wp-json\/wp\/v2\/product_cat?post=1557"},{"taxonomy":"product_tag","embeddable":true,"href":"https:\/\/indimatec.com.br\/esp\/index.php\/wp-json\/wp\/v2\/product_tag?post=1557"}],"curies":[{"name":"wp","href":"https:\/\/api.w.org\/{rel}","templated":true}]}}