{"id":1559,"date":"2024-03-10T09:49:11","date_gmt":"2024-03-10T12:49:11","guid":{"rendered":"https:\/\/indimatec.com.br\/esp\/?post_type=product&#038;p=1559"},"modified":"2024-04-06T23:31:27","modified_gmt":"2024-04-07T02:31:27","slug":"faca-de-corte-orbital","status":"publish","type":"product","link":"https:\/\/indimatec.com.br\/esp\/index.php\/produto\/faca-de-corte-orbital\/","title":{"rendered":"Kit de cabezal Orbital S10 PRO"},"content":{"rendered":"<p>Presentamos nuestro producto estrella, el kit de corte orbital S10 PRO, una soluci\u00f3n completa y lista para instalar. Este kit representa uno de nuestros mayores \u00e9xitos de ventas, especialmente para aquellos que buscan mejorar la calidad del corte de tubos en m\u00e1quinas que ya est\u00e1n en producci\u00f3n*. Desarrollado para adaptarse a cualquier m\u00e1quina existente, ya sea en nuestra producci\u00f3n o no, el Kit ofrece actualizaciones y mejoras continuas a los procesos ya establecidos.<\/p>\n<p><strong>Composici\u00f3n del kit:<\/strong><\/p>\n<p><strong>Cabezal de corte orbital S10 PRO:<\/strong><\/p>\n<ul>\n<li>Adecuado para di\u00e1metros desde 4 mm hasta 19,05 mm.<\/li>\n<li>Tecnolog\u00eda avanzada para corte orbital de alto rendimiento.<\/li>\n<\/ul>\n<p><strong>Motor WEG 1CV 4 Fases 4 Polos:<\/strong><\/p>\n<ul>\n<li>Potente motor de la reconocida marca WEG, asegurando eficiencia y durabilidad.<\/li>\n<\/ul>\n<p><strong>Soporte del motor y tensor de correa:<\/strong><\/p>\n<ul>\n<li>Estructura robusta para un soporte y tensi\u00f3n seguros del cintur\u00f3n.<\/li>\n<\/ul>\n<p><strong>Correa de distribuci\u00f3n:<\/strong><\/p>\n<ul>\n<li>Transmisi\u00f3n de movimiento precisa y eficiente.<\/li>\n<\/ul>\n<p><strong>Polea sincronizada:<\/strong><\/p>\n<ul>\n<li>Componente esencial para asegurar una correcta sincronizaci\u00f3n durante el proceso de corte.<\/li>\n<\/ul>\n<p><strong>V\u00e1lvula Neum\u00e1tica 5\/2 24VDC:<\/strong><\/p>\n<ul>\n<li>Control neum\u00e1tico fiable y preciso.<\/li>\n<\/ul>\n<p><strong>Unidad FRL neum\u00e1tica:<\/strong><\/p>\n<ul>\n<li>Conjunto de filtro, regulador y lubricador para garantizar la calidad del aire comprimido.<\/li>\n<\/ul>\n<p><strong>10 Metros de Tubo PU de 8mm:<\/strong><\/p>\n<ul>\n<li>Tubo neum\u00e1tico de alta calidad para transportar aire comprimido.<\/li>\n<\/ul>\n<p><strong>Ventajas principales:<\/strong><\/p>\n<p><strong>Flexibilidad de instalaci\u00f3n:<\/strong> Puede adaptarse a m\u00e1quinas existentes, independientemente del origen de producci\u00f3n.<\/p>\n<p><strong>Mejora Continua:<\/strong> Proporciona actualizaciones a procesos ya establecidos, aumentando la calidad del tubo cortado.<\/p>\n<p><strong>Alto rendimiento:<\/strong> el cabezal de corte orbital S10 PRO se adapta a una amplia gama de di\u00e1metros y ofrece versatilidad.<\/p>\n<p><strong>Especificaciones tecnicas:<\/strong><\/p>\n<ul>\n<li>El cabezal se adapta a di\u00e1metros de 4 mm a 19,05 mm.<\/li>\n<\/ul>\n<p><strong>Proyectos Especiales:<\/strong> Cons\u00faltenos para proyectos personalizados que satisfagan sus necesidades espec\u00edficas. El kit de corte orbital S10 PRO es la soluci\u00f3n ideal para aumentar la calidad y la eficiencia de su producci\u00f3n de tubos.<\/p>\n<p>*Nota: *Cons\u00faltenos para evaluar la compatibilidad con m\u00e1quinas de otras fuentes.<\/p>\n","protected":false},"excerpt":{"rendered":"[video width=\"848\" height=\"480\" mp4=\"https:\/\/indimatec.com.br\/esp\/wp-content\/uploads\/2024\/03\/Video-do-WhatsApp-de-2024-02-15-as-18.45.08_96200dbe.mp4\"][\/video]\n","protected":false},"featured_media":1574,"comment_status":"open","ping_status":"closed","template":"","meta":[],"product_brand":[],"product_cat":[25],"product_tag":[],"class_list":{"0":"post-1559","1":"product","2":"type-product","3":"status-publish","4":"has-post-thumbnail","6":"product_cat-kits-y-accesorios","8":"first","9":"instock","10":"shipping-taxable","11":"product-type-simple"},"_links":{"self":[{"href":"https:\/\/indimatec.com.br\/esp\/index.php\/wp-json\/wp\/v2\/product\/1559","targetHints":{"allow":["GET"]}}],"collection":[{"href":"https:\/\/indimatec.com.br\/esp\/index.php\/wp-json\/wp\/v2\/product"}],"about":[{"href":"https:\/\/indimatec.com.br\/esp\/index.php\/wp-json\/wp\/v2\/types\/product"}],"replies":[{"embeddable":true,"href":"https:\/\/indimatec.com.br\/esp\/index.php\/wp-json\/wp\/v2\/comments?post=1559"}],"wp:featuredmedia":[{"embeddable":true,"href":"https:\/\/indimatec.com.br\/esp\/index.php\/wp-json\/wp\/v2\/media\/1574"}],"wp:attachment":[{"href":"https:\/\/indimatec.com.br\/esp\/index.php\/wp-json\/wp\/v2\/media?parent=1559"}],"wp:term":[{"taxonomy":"product_brand","embeddable":true,"href":"https:\/\/indimatec.com.br\/esp\/index.php\/wp-json\/wp\/v2\/product_brand?post=1559"},{"taxonomy":"product_cat","embeddable":true,"href":"https:\/\/indimatec.com.br\/esp\/index.php\/wp-json\/wp\/v2\/product_cat?post=1559"},{"taxonomy":"product_tag","embeddable":true,"href":"https:\/\/indimatec.com.br\/esp\/index.php\/wp-json\/wp\/v2\/product_tag?post=1559"}],"curies":[{"name":"wp","href":"https:\/\/api.w.org\/{rel}","templated":true}]}}