{"id":1563,"date":"2024-03-10T10:06:00","date_gmt":"2024-03-10T13:06:00","guid":{"rendered":"https:\/\/indimatec.com.br\/esp\/?post_type=product&#038;p=1563"},"modified":"2024-04-04T23:13:29","modified_gmt":"2024-04-05T02:13:29","slug":"maquina-para-furacao-e-repuxo-de-tubos-placas-solares","status":"publish","type":"product","link":"https:\/\/indimatec.com.br\/esp\/index.php\/produto\/maquina-para-furacao-e-repuxo-de-tubos-placas-solares\/","title":{"rendered":"M\u00e1quina perforadora y trefiladora de tubos de placas solares"},"content":{"rendered":"<p>Nuestro modelo de m\u00e1quina trefiladora es especialmente recomendado y ampliamente utilizado por los fabricantes de paneles solares. En el v\u00eddeo observamos al operador realizando la perforaci\u00f3n y el trefilado de un tubo con un di\u00e1metro exterior de 7\/8. Este proceso es fundamental para dotar de refuerzo al tubo, permitiendo la inserci\u00f3n de otro con un di\u00e1metro exterior de 3\/8. Esta t\u00e9cnica ofrece refuerzo estructural y un excelente acabado a la pieza final.<\/p>\n<p><strong>Caracter\u00edsticas principales:<\/strong><\/p>\n<p><strong>Sistema de Perforaci\u00f3n y Estirado:<\/strong> La m\u00e1quina opera con una bala de corte y estirado, perforando el tubo de adentro hacia afuera.<\/p>\n<p><strong>Accionamiento Neum\u00e1tico:<\/strong> El cilindro neum\u00e1tico es accionado por un pedal, proporcionando el avance de la bala que realiza corte y trefilado simult\u00e1neamente.<\/p>\n<p><strong>Posicionamiento Preciso:<\/strong> La posici\u00f3n de los orificios en la barra del tubo se determina mediante una regla mec\u00e1nica sobre la mesa, permitiendo la configuraci\u00f3n del paso deseado por el cliente.<\/p>\n<p><strong>Facilidad de Uso:<\/strong> El extractor es completamente mec\u00e1nico y neum\u00e1tico, sin necesidad de automatizaci\u00f3n electr\u00f3nica, lo que garantiza una f\u00e1cil operaci\u00f3n.<\/p>\n<p><strong>Ventajas de la m\u00e1quina de tracci\u00f3n:<\/strong><\/p>\n<p><strong>Excelente Costo-Beneficio:<\/strong> Al ser completamente mec\u00e1nico y neum\u00e1tico ofrece eficiencia a un costo accesible.<\/p>\n<p><strong>Adaptaci\u00f3n para Paneles Solares:<\/strong> Dise\u00f1ado para satisfacer las demandas espec\u00edficas de los fabricantes de paneles solares.<\/p>\n<p><strong>Proceso Mec\u00e1nico y Neum\u00e1tico:<\/strong> Garantiza confiabilidad y simplicidad de operaci\u00f3n.<\/p>\n<p><strong>Cons\u00faltenos para proyectos especiales:<\/strong> Estamos disponibles para discutir proyectos especiales adaptados a sus necesidades espec\u00edficas. P\u00f3ngase en contacto para obtener m\u00e1s informaci\u00f3n sobre nuestra m\u00e1quina trefiladora y descubra c\u00f3mo podemos optimizar su producci\u00f3n de paneles solares.<\/p>\n","protected":false},"excerpt":{"rendered":"[video width=\"640\" height=\"352\" mp4=\"https:\/\/indimatec.com.br\/esp\/wp-content\/uploads\/2024\/03\/Video-do-WhatsApp-de-2024-02-15-as-18.11.24_845849f4.mp4\"][\/video]\n","protected":false},"featured_media":1564,"comment_status":"open","ping_status":"closed","template":"","meta":[],"product_brand":[],"product_cat":[28],"product_tag":[],"class_list":{"0":"post-1563","1":"product","2":"type-product","3":"status-publish","4":"has-post-thumbnail","6":"product_cat-maquinas-de-energia-solar","8":"first","9":"instock","10":"shipping-taxable","11":"product-type-simple"},"_links":{"self":[{"href":"https:\/\/indimatec.com.br\/esp\/index.php\/wp-json\/wp\/v2\/product\/1563","targetHints":{"allow":["GET"]}}],"collection":[{"href":"https:\/\/indimatec.com.br\/esp\/index.php\/wp-json\/wp\/v2\/product"}],"about":[{"href":"https:\/\/indimatec.com.br\/esp\/index.php\/wp-json\/wp\/v2\/types\/product"}],"replies":[{"embeddable":true,"href":"https:\/\/indimatec.com.br\/esp\/index.php\/wp-json\/wp\/v2\/comments?post=1563"}],"wp:featuredmedia":[{"embeddable":true,"href":"https:\/\/indimatec.com.br\/esp\/index.php\/wp-json\/wp\/v2\/media\/1564"}],"wp:attachment":[{"href":"https:\/\/indimatec.com.br\/esp\/index.php\/wp-json\/wp\/v2\/media?parent=1563"}],"wp:term":[{"taxonomy":"product_brand","embeddable":true,"href":"https:\/\/indimatec.com.br\/esp\/index.php\/wp-json\/wp\/v2\/product_brand?post=1563"},{"taxonomy":"product_cat","embeddable":true,"href":"https:\/\/indimatec.com.br\/esp\/index.php\/wp-json\/wp\/v2\/product_cat?post=1563"},{"taxonomy":"product_tag","embeddable":true,"href":"https:\/\/indimatec.com.br\/esp\/index.php\/wp-json\/wp\/v2\/product_tag?post=1563"}],"curies":[{"name":"wp","href":"https:\/\/api.w.org\/{rel}","templated":true}]}}