{"id":1572,"date":"2024-03-10T10:13:34","date_gmt":"2024-03-10T13:13:34","guid":{"rendered":"https:\/\/indimatec.com.br\/esp\/?post_type=product&#038;p=1572"},"modified":"2024-04-04T23:18:11","modified_gmt":"2024-04-05T02:18:11","slug":"pecas-de-reposicao","status":"publish","type":"product","link":"https:\/\/indimatec.com.br\/esp\/index.php\/produto\/pecas-de-reposicao\/","title":{"rendered":"Piezas de repuesto"},"content":{"rendered":"<p>En la b\u00fasqueda de garantizar el funcionamiento ininterrumpido y eficiente de su equipo, ofrecemos una amplia gama de servicios de mantenimiento y reemplazo de piezas. Disponemos de una amplia gama de componentes para todos nuestros equipos, adem\u00e1s de proporcionar una producci\u00f3n r\u00e1pida de piezas que no est\u00e1n disponibles en stock.<\/p>\n<p><strong>Servicios disponibles:<\/strong><\/p>\n<p><strong>Reforma Mec\u00e1nica General:<\/strong><\/p>\n<ul>\n<li>Revisi\u00f3n integral de m\u00e1quinas.<\/li>\n<li>Mantenimiento especializado en cabezales orbitales y estampados.<\/li>\n<\/ul>\n<p><strong>Repuestos Mec\u00e1nicos:<\/strong><\/p>\n<ul>\n<li>Disponibilidad de todas las piezas y piezas mec\u00e1nicas para todos nuestros equipos.<\/li>\n<\/ul>\n<p><strong>Motor electrico:<\/strong><\/p>\n<ul>\n<li>Suministro y reposici\u00f3n de motores el\u00e9ctricos seg\u00fan sea necesario.<\/li>\n<\/ul>\n<p><strong>Componentes neum\u00e1ticos:<\/strong><\/p>\n<ul>\n<li>Reemplazo de cilindros, v\u00e1lvulas, actuadores, mangueras y conexiones neum\u00e1ticas.<\/li>\n<\/ul>\n<p><strong>Partes el\u00e9ctricas:<\/strong><\/p>\n<ul>\n<li>Suministro de disyuntores, contactores y otros componentes el\u00e9ctricos.<\/li>\n<\/ul>\n<p><strong>Partes electronicas:<\/strong><\/p>\n<ul>\n<li>Reemplazo y reparaci\u00f3n de HMI, PLC, encoders, rel\u00e9s, sensores y otros componentes electr\u00f3nicos.<\/li>\n<\/ul>\n<p><strong>Beneficios de nuestros servicios:<\/strong><\/p>\n<ul>\n<li><strong>Eficiencia Continua:<\/strong> Garant\u00eda de funcionamiento continuo de sus equipos.<\/li>\n<li><strong>Amplio Stock:<\/strong> Variedad de piezas disponibles en stock para entrega inmediata.<\/li>\n<li><strong>Producci\u00f3n R\u00e1pida:<\/strong> Fabricaci\u00f3n \u00e1gil de piezas no disponibles en stock.<\/li>\n<\/ul>\n<p><strong>Cons\u00faltenos para proyectos especiales:<\/strong> Estamos listos para discutir proyectos especiales de mantenimiento y reemplazo de piezas adaptados a sus necesidades espec\u00edficas. P\u00f3ngase en contacto para obtener m\u00e1s informaci\u00f3n y garantizar un rendimiento constante de su equipo.<\/p>\n","protected":false},"excerpt":{"rendered":"<p>En la b\u00fasqueda de garantizar el funcionamiento ininterrumpido y eficiente de su equipo, ofrecemos una amplia gama de servicios de mantenimiento y reemplazo de piezas. Disponemos de una amplia gama de componentes para todos nuestros equipos, adem\u00e1s de proporcionar una producci\u00f3n r\u00e1pida de piezas que no est\u00e1n disponibles en stock. Servicios disponibles: Reforma Mec\u00e1nica General: [&hellip;]<\/p>\n","protected":false},"featured_media":1573,"comment_status":"open","ping_status":"closed","template":"","meta":[],"product_brand":[],"product_cat":[25],"product_tag":[],"class_list":{"0":"post-1572","1":"product","2":"type-product","3":"status-publish","4":"has-post-thumbnail","6":"product_cat-kits-y-accesorios","8":"first","9":"instock","10":"shipping-taxable","11":"product-type-simple"},"_links":{"self":[{"href":"https:\/\/indimatec.com.br\/esp\/index.php\/wp-json\/wp\/v2\/product\/1572","targetHints":{"allow":["GET"]}}],"collection":[{"href":"https:\/\/indimatec.com.br\/esp\/index.php\/wp-json\/wp\/v2\/product"}],"about":[{"href":"https:\/\/indimatec.com.br\/esp\/index.php\/wp-json\/wp\/v2\/types\/product"}],"replies":[{"embeddable":true,"href":"https:\/\/indimatec.com.br\/esp\/index.php\/wp-json\/wp\/v2\/comments?post=1572"}],"wp:featuredmedia":[{"embeddable":true,"href":"https:\/\/indimatec.com.br\/esp\/index.php\/wp-json\/wp\/v2\/media\/1573"}],"wp:attachment":[{"href":"https:\/\/indimatec.com.br\/esp\/index.php\/wp-json\/wp\/v2\/media?parent=1572"}],"wp:term":[{"taxonomy":"product_brand","embeddable":true,"href":"https:\/\/indimatec.com.br\/esp\/index.php\/wp-json\/wp\/v2\/product_brand?post=1572"},{"taxonomy":"product_cat","embeddable":true,"href":"https:\/\/indimatec.com.br\/esp\/index.php\/wp-json\/wp\/v2\/product_cat?post=1572"},{"taxonomy":"product_tag","embeddable":true,"href":"https:\/\/indimatec.com.br\/esp\/index.php\/wp-json\/wp\/v2\/product_tag?post=1572"}],"curies":[{"name":"wp","href":"https:\/\/api.w.org\/{rel}","templated":true}]}}