{"id":1584,"date":"2024-03-10T10:22:36","date_gmt":"2024-03-10T13:22:36","guid":{"rendered":"https:\/\/indimatec.com.br\/esp\/?post_type=product&#038;p=1584"},"modified":"2024-04-04T23:11:47","modified_gmt":"2024-04-05T02:11:47","slug":"manutencao-e-reforma-mecanica-e-eletrica","status":"publish","type":"product","link":"https:\/\/indimatec.com.br\/esp\/index.php\/produto\/manutencao-e-reforma-mecanica-e-eletrica\/","title":{"rendered":"Mantenimiento y Reforma Mec\u00e1nica y El\u00e9ctrica"},"content":{"rendered":"<p>Como novedad a partir de este a\u00f1o 2024, estamos realizando servicios de mantenimiento mec\u00e1nico y el\u00e9ctrico en nuestras m\u00e1quinas*. Proveemos los siguientes servicios:<\/p>\n<ul>\n<li>Mantenimiento y renovaci\u00f3n y actualizaci\u00f3n mec\u00e1nica de nuestras m\u00e1quinas.<\/li>\n<li>Mantenimiento y renovaci\u00f3n del Cabezal de Corte Orbital<\/li>\n<li>Mantenimiento y renovaci\u00f3n de impresiones de aletas e impresiones de cabecera.<\/li>\n<li>Mantenimiento y renovaci\u00f3n estructural<\/li>\n<li>Mantenimiento y renovaci\u00f3n de cuadro el\u00e9ctrico.<\/li>\n<li>Mantenimiento y renovaci\u00f3n e instalaci\u00f3n de HMI y PLC de \u00faltima generaci\u00f3n.<\/li>\n<\/ul>\n","protected":false},"excerpt":{"rendered":"<p>Como novedad a partir de este a\u00f1o 2024, estamos realizando servicios de mantenimiento mec\u00e1nico y el\u00e9ctrico en nuestras m\u00e1quinas*. Proveemos los siguientes servicios: Mantenimiento y renovaci\u00f3n y actualizaci\u00f3n mec\u00e1nica de nuestras m\u00e1quinas. Mantenimiento y renovaci\u00f3n del Cabezal de Corte Orbital Mantenimiento y renovaci\u00f3n de impresiones de aletas e impresiones de cabecera. Mantenimiento y renovaci\u00f3n estructural [&hellip;]<\/p>\n","protected":false},"featured_media":1765,"comment_status":"open","ping_status":"closed","template":"","meta":[],"product_brand":[],"product_cat":[27,23,24,28,26],"product_tag":[],"class_list":{"0":"post-1584","1":"product","2":"type-product","3":"status-publish","4":"has-post-thumbnail","6":"product_cat-bloques-de-aluminio-para-radiadores","7":"product_cat-cortatubos","8":"product_cat-cortatubos-orbitales","9":"product_cat-maquinas-de-energia-solar","10":"product_cat-prensas-y-montaje-de-aletas","12":"first","13":"instock","14":"shipping-taxable","15":"product-type-simple"},"_links":{"self":[{"href":"https:\/\/indimatec.com.br\/esp\/index.php\/wp-json\/wp\/v2\/product\/1584","targetHints":{"allow":["GET"]}}],"collection":[{"href":"https:\/\/indimatec.com.br\/esp\/index.php\/wp-json\/wp\/v2\/product"}],"about":[{"href":"https:\/\/indimatec.com.br\/esp\/index.php\/wp-json\/wp\/v2\/types\/product"}],"replies":[{"embeddable":true,"href":"https:\/\/indimatec.com.br\/esp\/index.php\/wp-json\/wp\/v2\/comments?post=1584"}],"wp:featuredmedia":[{"embeddable":true,"href":"https:\/\/indimatec.com.br\/esp\/index.php\/wp-json\/wp\/v2\/media\/1765"}],"wp:attachment":[{"href":"https:\/\/indimatec.com.br\/esp\/index.php\/wp-json\/wp\/v2\/media?parent=1584"}],"wp:term":[{"taxonomy":"product_brand","embeddable":true,"href":"https:\/\/indimatec.com.br\/esp\/index.php\/wp-json\/wp\/v2\/product_brand?post=1584"},{"taxonomy":"product_cat","embeddable":true,"href":"https:\/\/indimatec.com.br\/esp\/index.php\/wp-json\/wp\/v2\/product_cat?post=1584"},{"taxonomy":"product_tag","embeddable":true,"href":"https:\/\/indimatec.com.br\/esp\/index.php\/wp-json\/wp\/v2\/product_tag?post=1584"}],"curies":[{"name":"wp","href":"https:\/\/api.w.org\/{rel}","templated":true}]}}