{"id":492,"date":"2024-02-29T21:07:10","date_gmt":"2024-03-01T00:07:10","guid":{"rendered":"https:\/\/indimatec.com.br\/?page_id=492"},"modified":"2024-11-26T23:29:59","modified_gmt":"2024-11-27T02:29:59","slug":"sobre","status":"publish","type":"page","link":"https:\/\/indimatec.com.br\/index.php\/sobre\/","title":{"rendered":"Sobre"},"content":{"rendered":"\t\t<div data-elementor-type=\"wp-page\" data-elementor-id=\"492\" class=\"elementor elementor-492\" data-elementor-post-type=\"page\">\n\t\t\t\t<div class=\"elementor-element elementor-element-199cb4a e-flex e-con-boxed e-con e-parent\" data-id=\"199cb4a\" data-element_type=\"container\" data-e-type=\"container\" data-settings=\"{&quot;background_background&quot;:&quot;classic&quot;,&quot;shape_divider_bottom&quot;:&quot;curve&quot;,&quot;shape_divider_bottom_negative&quot;:&quot;yes&quot;}\">\n\t\t\t\t\t<div class=\"e-con-inner\">\n\t\t\t\t<div class=\"elementor-shape elementor-shape-bottom\" aria-hidden=\"true\" data-negative=\"true\">\n\t\t\t<svg xmlns=\"http:\/\/www.w3.org\/2000\/svg\" viewBox=\"0 0 1000 100\" preserveAspectRatio=\"none\">\n\t<path class=\"elementor-shape-fill\" d=\"M500,97C126.7,96.3,0.8,19.8,0,0v100l1000,0V1C1000,19.4,873.3,97.8,500,97z\"\/>\n<\/svg>\t\t<\/div>\n\t\t<div class=\"elementor-element elementor-element-ed51d81 e-con-full e-flex e-con e-child\" data-id=\"ed51d81\" data-element_type=\"container\" data-e-type=\"container\">\n\t\t\t\t<div class=\"elementor-element elementor-element-5383694 elementor-widget elementor-widget-heading\" data-id=\"5383694\" data-element_type=\"widget\" data-e-type=\"widget\" data-widget_type=\"heading.default\">\n\t\t\t\t<div class=\"elementor-widget-container\">\n\t\t\t\t\t<h2 class=\"elementor-heading-title elementor-size-default\">\u2015 Sobre n\u00f3s<\/h2>\t\t\t\t<\/div>\n\t\t\t\t<\/div>\n\t\t\t\t<div class=\"elementor-element elementor-element-ef14c4a elementor-widget__width-initial elementor-widget elementor-widget-heading\" data-id=\"ef14c4a\" data-element_type=\"widget\" data-e-type=\"widget\" data-widget_type=\"heading.default\">\n\t\t\t\t<div class=\"elementor-widget-container\">\n\t\t\t\t\t<h1 class=\"elementor-heading-title elementor-size-default\">Equipamentos que <b>entregam qualidade.<\/b><\/h1>\t\t\t\t<\/div>\n\t\t\t\t<\/div>\n\t\t\t\t<div class=\"elementor-element elementor-element-6fb52f1 elementor-align-left elementor-widget elementor-widget-button\" data-id=\"6fb52f1\" data-element_type=\"widget\" data-e-type=\"widget\" data-widget_type=\"button.default\">\n\t\t\t\t<div class=\"elementor-widget-container\">\n\t\t\t\t\t\t\t\t\t<div class=\"elementor-button-wrapper\">\n\t\t\t\t\t<a class=\"elementor-button elementor-button-link elementor-size-md\" href=\"#\">\n\t\t\t\t\t\t<span class=\"elementor-button-content-wrapper\">\n\t\t\t\t\t\t<span class=\"elementor-button-icon\">\n\t\t\t\t<svg aria-hidden=\"true\" class=\"e-font-icon-svg e-fas-arrow-right\" viewBox=\"0 0 448 512\" xmlns=\"http:\/\/www.w3.org\/2000\/svg\"><path d=\"M190.5 66.9l22.2-22.2c9.4-9.4 24.6-9.4 33.9 0L441 239c9.4 9.4 9.4 24.6 0 33.9L246.6 467.3c-9.4 9.4-24.6 9.4-33.9 0l-22.2-22.2c-9.5-9.5-9.3-25 .4-34.3L311.4 296H24c-13.3 0-24-10.7-24-24v-32c0-13.3 10.7-24 24-24h287.4L190.9 101.2c-9.8-9.3-10-24.8-.4-34.3z\"><\/path><\/svg>\t\t\t<\/span>\n\t\t\t\t\t\t\t\t\t<span class=\"elementor-button-text\">Solicitar um or\u00e7amento<\/span>\n\t\t\t\t\t<\/span>\n\t\t\t\t\t<\/a>\n\t\t\t\t<\/div>\n\t\t\t\t\t\t\t\t<\/div>\n\t\t\t\t<\/div>\n\t\t\t\t<\/div>\n\t\t\t\t\t<\/div>\n\t\t\t\t<\/div>\n\t\t<div class=\"elementor-element elementor-element-d33583e e-flex e-con-boxed e-con e-parent\" data-id=\"d33583e\" data-element_type=\"container\" data-e-type=\"container\" data-settings=\"{&quot;background_background&quot;:&quot;classic&quot;}\">\n\t\t\t\t\t<div class=\"e-con-inner\">\n\t\t<div class=\"elementor-element elementor-element-9e3a4dd e-con-full e-flex e-con e-child\" data-id=\"9e3a4dd\" data-element_type=\"container\" data-e-type=\"container\">\n\t\t\t\t<div class=\"elementor-element elementor-element-25d910d elementor-widget elementor-widget-heading\" data-id=\"25d910d\" data-element_type=\"widget\" data-e-type=\"widget\" data-widget_type=\"heading.default\">\n\t\t\t\t<div class=\"elementor-widget-container\">\n\t\t\t\t\t<h2 class=\"elementor-heading-title elementor-size-default\">\u2015 Quem somos<\/h2>\t\t\t\t<\/div>\n\t\t\t\t<\/div>\n\t\t\t\t<div class=\"elementor-element elementor-element-bcfe3c0 elementor-widget elementor-widget-heading\" data-id=\"bcfe3c0\" data-element_type=\"widget\" data-e-type=\"widget\" data-widget_type=\"heading.default\">\n\t\t\t\t<div class=\"elementor-widget-container\">\n\t\t\t\t\t<h2 class=\"elementor-heading-title elementor-size-default\">Como a LGMAC surgiu<\/h2>\t\t\t\t<\/div>\n\t\t\t\t<\/div>\n\t\t\t\t<div class=\"elementor-element elementor-element-5710fb9 elementor-widget elementor-widget-text-editor\" data-id=\"5710fb9\" data-element_type=\"widget\" data-e-type=\"widget\" data-widget_type=\"text-editor.default\">\n\t\t\t\t<div class=\"elementor-widget-container\">\n\t\t\t\t\t\t\t\t\t<p>A Indimatec foi criada em agosto de 2009, pelo s\u00f3cio propriet\u00e1rio Felipe Gustavo Luiz. Na \u00e9poca trabalhava como l\u00edder de ferramentaria na empresa do seu pai, empresa especializada em radiadores chamada Bersul, onde ajudou a construir a empresa e a parte fabril dela, trabalhando desde o ano de 1995 at\u00e9 sua sa\u00edda em maio de 2010. Nesse intervalo Felipe desenvolveu o conhecimento e as t\u00e9cnicas para a fabrica\u00e7\u00e3o de m\u00e1quinas, n\u00e3o s\u00f3 pelo trabalho interno na empresa, mas tamb\u00e9m em cursos feitos para a \u00e1rea atrav\u00e9s dos anos. Isso proporcionou o desenvolvimento de equipamentos cada vez mais modernos e funcionais para a empresa. Em 2002 ele e seu pai fundam a MC M\u00e1quinas, empresa especializada na \u00e9poca somente na fabrica\u00e7\u00e3o de m\u00e1quinas para ind\u00fastria de refrigera\u00e7\u00e3o. Em 2008, a Bersul vinha em crescimento acentuado e a MC M\u00e1quinas n\u00e3o acompanhou este mesmo crescimento sendo extinta j\u00e1 no in\u00edcio deste mesmo ano. Como Felipe teve desenvolvimento grande nesta \u00e1rea da fabrica\u00e7\u00e3o de m\u00e1quinas, via que os equipamentos que j\u00e1 fabricava poderiam atender n\u00e3o somente a ind\u00fastria de refrigera\u00e7\u00e3o, mas tamb\u00e9m v\u00e1rias outras industrias. Com essa vis\u00e3o nasceu a empresa Indimatec, seu nome \u00e9 a abrevia\u00e7\u00e3o de \u201cInd\u00fastria de M\u00e1quinas e Tecnologia \u201c. A finalidade era de poder estender e atender v\u00e1rios nichos de mercado com os equipamentos que j\u00e1 produzia. De 2009 para c\u00e1, foram anos de muitos aprendizados e desenvolvimentos e hoje a Indimatec conta com mais de 350 m\u00e1quinas vendidas no mercado nacional e tamb\u00e9m no mercado internacional. Todos estes anos entregaram para Indimatec muita experi\u00eancia e desenvolvimento de v\u00e1rios produtos que atendem hoje n\u00e3o s\u00f3 fabricantes de radiadores, mas como fabricantes de fog\u00f5es, fabricantes de geladeiras e freezers, fabricantes de ilhas de supermercados, fabricantes de placas solares, fabricantes de ar condicionados, fabricantes de lava roupas, fabricantes de chopeiras e outras infinidades de aplica\u00e7\u00f5es, de pequenas, m\u00e9dias e grandes empresas dentro do Brasil e fora tamb\u00e9m. Em 2019, formou se o grupo de empresa se destacando a Indimatec e a LGMAC, onde foram agregados ainda mais valor e experi\u00eancia em todo seu corpo empresarial.<\/p>\t\t\t\t\t\t\t\t<\/div>\n\t\t\t\t<\/div>\n\t\t\t\t<\/div>\n\t\t<div class=\"elementor-element elementor-element-160b9fc e-con-full e-flex e-con e-child\" data-id=\"160b9fc\" data-element_type=\"container\" data-e-type=\"container\">\n\t\t\t\t<div class=\"elementor-element elementor-element-62a5d15 elementor-widget elementor-widget-image\" data-id=\"62a5d15\" data-element_type=\"widget\" data-e-type=\"widget\" data-widget_type=\"image.default\">\n\t\t\t\t<div class=\"elementor-widget-container\">\n\t\t\t\t\t\t\t\t\t\t\t\t\t\t\t<img fetchpriority=\"high\" decoding=\"async\" width=\"800\" height=\"600\" src=\"https:\/\/indimatec.com.br\/wp-content\/uploads\/2024\/03\/d541e028-31e9-455a-bdbf-9634340d6778-1024x768.jpg\" class=\"attachment-large size-large wp-image-1386\" alt=\"\" srcset=\"https:\/\/indimatec.com.br\/wp-content\/uploads\/2024\/03\/d541e028-31e9-455a-bdbf-9634340d6778-1024x768.jpg 1024w, https:\/\/indimatec.com.br\/wp-content\/uploads\/2024\/03\/d541e028-31e9-455a-bdbf-9634340d6778-600x450.jpg 600w, https:\/\/indimatec.com.br\/wp-content\/uploads\/2024\/03\/d541e028-31e9-455a-bdbf-9634340d6778-300x225.jpg 300w, https:\/\/indimatec.com.br\/wp-content\/uploads\/2024\/03\/d541e028-31e9-455a-bdbf-9634340d6778-768x576.jpg 768w, https:\/\/indimatec.com.br\/wp-content\/uploads\/2024\/03\/d541e028-31e9-455a-bdbf-9634340d6778-1536x1152.jpg 1536w, https:\/\/indimatec.com.br\/wp-content\/uploads\/2024\/03\/d541e028-31e9-455a-bdbf-9634340d6778.jpg 1600w\" sizes=\"(max-width: 800px) 100vw, 800px\" \/>\t\t\t\t\t\t\t\t\t\t\t\t\t\t\t<\/div>\n\t\t\t\t<\/div>\n\t\t\t\t<div class=\"elementor-element elementor-element-83f4a81 elementor-widget elementor-widget-image-gallery\" data-id=\"83f4a81\" data-element_type=\"widget\" data-e-type=\"widget\" data-widget_type=\"image-gallery.default\">\n\t\t\t\t<div class=\"elementor-widget-container\">\n\t\t\t\t\t\t\t<div class=\"elementor-image-gallery\">\n\t\t\t<div id='gallery-1' class='gallery galleryid-492 gallery-columns-4 gallery-size-thumbnail'><figure class='gallery-item'>\n\t\t\t<div class='gallery-icon landscape'>\n\t\t\t\t<a data-elementor-open-lightbox=\"yes\" data-elementor-lightbox-slideshow=\"83f4a81\" data-elementor-lightbox-title=\"escrit\u00f3rio\" data-e-action-hash=\"#elementor-action%3Aaction%3Dlightbox%26settings%3DeyJpZCI6MTcwOSwidXJsIjoiaHR0cHM6XC9cL2luZGltYXRlYy5jb20uYnJcL3dwLWNvbnRlbnRcL3VwbG9hZHNcLzIwMjRcLzAzXC9lc2NyaXRvcmlvLnBuZyIsInNsaWRlc2hvdyI6IjgzZjRhODEifQ%3D%3D\" href='https:\/\/indimatec.com.br\/wp-content\/uploads\/2024\/03\/escritorio.png'><img decoding=\"async\" width=\"150\" height=\"150\" src=\"https:\/\/indimatec.com.br\/wp-content\/uploads\/2024\/03\/escritorio-150x150.png\" class=\"attachment-thumbnail size-thumbnail\" alt=\"\" srcset=\"https:\/\/indimatec.com.br\/wp-content\/uploads\/2024\/03\/escritorio-150x150.png 150w, https:\/\/indimatec.com.br\/wp-content\/uploads\/2024\/03\/escritorio-300x300.png 300w, https:\/\/indimatec.com.br\/wp-content\/uploads\/2024\/03\/escritorio-100x100.png 100w\" sizes=\"(max-width: 150px) 100vw, 150px\" \/><\/a>\n\t\t\t<\/div><\/figure><figure class='gallery-item'>\n\t\t\t<div class='gallery-icon landscape'>\n\t\t\t\t<a data-elementor-open-lightbox=\"yes\" data-elementor-lightbox-slideshow=\"83f4a81\" data-elementor-lightbox-title=\"Ind\u00fastria\" data-e-action-hash=\"#elementor-action%3Aaction%3Dlightbox%26settings%3DeyJpZCI6MTQwMiwidXJsIjoiaHR0cHM6XC9cL2luZGltYXRlYy5jb20uYnJcL3dwLWNvbnRlbnRcL3VwbG9hZHNcLzIwMjRcLzAzXC9XaGF0c0FwcC1JbWFnZS0yMDI0LTAyLTIyLWF0LTkuMDQuMjUtQU0uanBlZyIsInNsaWRlc2hvdyI6IjgzZjRhODEifQ%3D%3D\" href='https:\/\/indimatec.com.br\/wp-content\/uploads\/2024\/03\/WhatsApp-Image-2024-02-22-at-9.04.25-AM.jpeg'><img decoding=\"async\" width=\"150\" height=\"150\" src=\"https:\/\/indimatec.com.br\/wp-content\/uploads\/2024\/03\/WhatsApp-Image-2024-02-22-at-9.04.25-AM-150x150.jpeg\" class=\"attachment-thumbnail size-thumbnail\" alt=\"\" srcset=\"https:\/\/indimatec.com.br\/wp-content\/uploads\/2024\/03\/WhatsApp-Image-2024-02-22-at-9.04.25-AM-150x150.jpeg 150w, https:\/\/indimatec.com.br\/wp-content\/uploads\/2024\/03\/WhatsApp-Image-2024-02-22-at-9.04.25-AM-300x300.jpeg 300w, https:\/\/indimatec.com.br\/wp-content\/uploads\/2024\/03\/WhatsApp-Image-2024-02-22-at-9.04.25-AM-100x100.jpeg 100w\" sizes=\"(max-width: 150px) 100vw, 150px\" \/><\/a>\n\t\t\t<\/div><\/figure><figure class='gallery-item'>\n\t\t\t<div class='gallery-icon landscape'>\n\t\t\t\t<a data-elementor-open-lightbox=\"yes\" data-elementor-lightbox-slideshow=\"83f4a81\" data-elementor-lightbox-title=\"expomac\" data-e-action-hash=\"#elementor-action%3Aaction%3Dlightbox%26settings%3DeyJpZCI6MTQwNCwidXJsIjoiaHR0cHM6XC9cL2luZGltYXRlYy5jb20uYnJcL3dwLWNvbnRlbnRcL3VwbG9hZHNcLzIwMjRcLzAzXC9leHBvbWFjLmpwZyIsInNsaWRlc2hvdyI6IjgzZjRhODEifQ%3D%3D\" href='https:\/\/indimatec.com.br\/wp-content\/uploads\/2024\/03\/expomac.jpg'><img loading=\"lazy\" decoding=\"async\" width=\"150\" height=\"150\" src=\"https:\/\/indimatec.com.br\/wp-content\/uploads\/2024\/03\/expomac-150x150.jpg\" class=\"attachment-thumbnail size-thumbnail\" alt=\"\" srcset=\"https:\/\/indimatec.com.br\/wp-content\/uploads\/2024\/03\/expomac-150x150.jpg 150w, https:\/\/indimatec.com.br\/wp-content\/uploads\/2024\/03\/expomac-300x300.jpg 300w, https:\/\/indimatec.com.br\/wp-content\/uploads\/2024\/03\/expomac-100x100.jpg 100w\" sizes=\"(max-width: 150px) 100vw, 150px\" \/><\/a>\n\t\t\t<\/div><\/figure><figure class='gallery-item'>\n\t\t\t<div class='gallery-icon landscape'>\n\t\t\t\t<a data-elementor-open-lightbox=\"yes\" data-elementor-lightbox-slideshow=\"83f4a81\" data-elementor-lightbox-title=\"feram\" data-e-action-hash=\"#elementor-action%3Aaction%3Dlightbox%26settings%3DeyJpZCI6MTQwNSwidXJsIjoiaHR0cHM6XC9cL2luZGltYXRlYy5jb20uYnJcL3dwLWNvbnRlbnRcL3VwbG9hZHNcLzIwMjRcLzAzXC9mZXJhbS5qcGciLCJzbGlkZXNob3ciOiI4M2Y0YTgxIn0%3D\" href='https:\/\/indimatec.com.br\/wp-content\/uploads\/2024\/03\/feram.jpg'><img loading=\"lazy\" decoding=\"async\" width=\"150\" height=\"150\" src=\"https:\/\/indimatec.com.br\/wp-content\/uploads\/2024\/03\/feram-150x150.jpg\" class=\"attachment-thumbnail size-thumbnail\" alt=\"\" srcset=\"https:\/\/indimatec.com.br\/wp-content\/uploads\/2024\/03\/feram-150x150.jpg 150w, https:\/\/indimatec.com.br\/wp-content\/uploads\/2024\/03\/feram-300x300.jpg 300w, https:\/\/indimatec.com.br\/wp-content\/uploads\/2024\/03\/feram-100x100.jpg 100w\" sizes=\"(max-width: 150px) 100vw, 150px\" \/><\/a>\n\t\t\t<\/div><\/figure>\n\t\t<\/div>\n\t\t<\/div>\n\t\t\t\t\t\t<\/div>\n\t\t\t\t<\/div>\n\t\t\t\t<\/div>\n\t\t\t\t\t<\/div>\n\t\t\t\t<\/div>\n\t\t<div class=\"elementor-element elementor-element-4d5d290 e-flex e-con-boxed e-con e-parent\" data-id=\"4d5d290\" data-element_type=\"container\" data-e-type=\"container\" data-settings=\"{&quot;background_background&quot;:&quot;classic&quot;}\">\n\t\t\t\t\t<div class=\"e-con-inner\">\n\t\t<div class=\"elementor-element elementor-element-855f73c e-con-full e-flex e-con e-child\" data-id=\"855f73c\" data-element_type=\"container\" data-e-type=\"container\" data-settings=\"{&quot;background_background&quot;:&quot;classic&quot;}\">\n\t\t\t\t<div class=\"elementor-element elementor-element-8115262 elementor-position-left elementor-vertical-align-middle elementor-widget-tablet__width-initial elementor-position-top elementor-widget elementor-widget-image-box\" data-id=\"8115262\" data-element_type=\"widget\" data-e-type=\"widget\" data-widget_type=\"image-box.default\">\n\t\t\t\t<div class=\"elementor-widget-container\">\n\t\t\t\t\t<div class=\"elementor-image-box-wrapper\"><figure class=\"elementor-image-box-img\"><img loading=\"lazy\" decoding=\"async\" width=\"85\" height=\"85\" src=\"https:\/\/indimatec.com.br\/wp-content\/uploads\/2024\/03\/moppers-about-icon-1.png\" class=\"elementor-animation-pulse attachment-full size-full wp-image-599\" alt=\"\" \/><\/figure><div class=\"elementor-image-box-content\"><h3 class=\"elementor-image-box-title\">Miss\u00e3o<\/h3><p class=\"elementor-image-box-description\">Entregar equipamentos e solu\u00e7\u00f5es em m\u00e1quinas e automa\u00e7\u00e3o industrial, visando sempre a melhoria cont\u00ednua tanto em qualidade e tecnologia.<\/p><\/div><\/div>\t\t\t\t<\/div>\n\t\t\t\t<\/div>\n\t\t\t\t<\/div>\n\t\t<div class=\"elementor-element elementor-element-c5072ba e-con-full e-flex e-con e-child\" data-id=\"c5072ba\" data-element_type=\"container\" data-e-type=\"container\" data-settings=\"{&quot;background_background&quot;:&quot;classic&quot;}\">\n\t\t\t\t<div class=\"elementor-element elementor-element-22d1bd2 elementor-position-left elementor-vertical-align-middle elementor-widget-tablet__width-initial elementor-position-top elementor-widget elementor-widget-image-box\" data-id=\"22d1bd2\" data-element_type=\"widget\" data-e-type=\"widget\" data-widget_type=\"image-box.default\">\n\t\t\t\t<div class=\"elementor-widget-container\">\n\t\t\t\t\t<div class=\"elementor-image-box-wrapper\"><figure class=\"elementor-image-box-img\"><img loading=\"lazy\" decoding=\"async\" width=\"3063\" height=\"1748\" src=\"https:\/\/indimatec.com.br\/wp-content\/uploads\/2024\/03\/visao@4x-8.png\" class=\"elementor-animation-pulse attachment-full size-full wp-image-871\" alt=\"\" srcset=\"https:\/\/indimatec.com.br\/wp-content\/uploads\/2024\/03\/visao@4x-8.png 3063w, https:\/\/indimatec.com.br\/wp-content\/uploads\/2024\/03\/visao@4x-8-600x342.png 600w, https:\/\/indimatec.com.br\/wp-content\/uploads\/2024\/03\/visao@4x-8-300x171.png 300w, https:\/\/indimatec.com.br\/wp-content\/uploads\/2024\/03\/visao@4x-8-1024x584.png 1024w, https:\/\/indimatec.com.br\/wp-content\/uploads\/2024\/03\/visao@4x-8-768x438.png 768w, https:\/\/indimatec.com.br\/wp-content\/uploads\/2024\/03\/visao@4x-8-1536x877.png 1536w, https:\/\/indimatec.com.br\/wp-content\/uploads\/2024\/03\/visao@4x-8-2048x1169.png 2048w\" sizes=\"(max-width: 3063px) 100vw, 3063px\" \/><\/figure><div class=\"elementor-image-box-content\"><h3 class=\"elementor-image-box-title\">Vis\u00e3o<\/h3><p class=\"elementor-image-box-description\">Aprender e desenvolver, entregar e satisfazer. N\u00e3o fabricamos somente m\u00e1quinas, entregamos e realizamos sonhos e projetos. Para n\u00f3s \u00e9 uma honra de voc\u00ea nosso cliente confiar em n\u00f3s em fazer parte desta jornada. <\/p><\/div><\/div>\t\t\t\t<\/div>\n\t\t\t\t<\/div>\n\t\t\t\t<\/div>\n\t\t<div class=\"elementor-element elementor-element-6fc8b21 e-con-full e-flex e-con e-child\" data-id=\"6fc8b21\" data-element_type=\"container\" data-e-type=\"container\" data-settings=\"{&quot;background_background&quot;:&quot;classic&quot;}\">\n\t\t\t\t<div class=\"elementor-element elementor-element-720ab85 elementor-position-left elementor-vertical-align-middle elementor-widget-tablet__width-initial elementor-position-top elementor-widget elementor-widget-image-box\" data-id=\"720ab85\" data-element_type=\"widget\" data-e-type=\"widget\" data-widget_type=\"image-box.default\">\n\t\t\t\t<div class=\"elementor-widget-container\">\n\t\t\t\t\t<div class=\"elementor-image-box-wrapper\"><figure class=\"elementor-image-box-img\"><img loading=\"lazy\" decoding=\"async\" width=\"85\" height=\"85\" src=\"https:\/\/indimatec.com.br\/wp-content\/uploads\/2024\/03\/moppers-about-icon-2.png\" class=\"elementor-animation-pulse attachment-full size-full wp-image-600\" alt=\"\" \/><\/figure><div class=\"elementor-image-box-content\"><h3 class=\"elementor-image-box-title\">Valores<\/h3><p class=\"elementor-image-box-description\">\u00c9tica\n- Parceria\n- Fideliza\u00e7\u00e3o \n- Amizade\n- Profissionalismo\n- Respeito\n- Evolu\u00e7\u00e3o\n- Entregar\n<\/p><\/div><\/div>\t\t\t\t<\/div>\n\t\t\t\t<\/div>\n\t\t\t\t<\/div>\n\t\t\t\t\t<\/div>\n\t\t\t\t<\/div>\n\t\t\t\t<\/div>\n\t\t","protected":false},"excerpt":{"rendered":"<p>\u2015 Sobre n\u00f3s Equipamentos que entregam qualidade. Solicitar um or\u00e7amento \u2015 Quem somos Como a LGMAC surgiu A Indimatec foi criada em agosto de 2009, pelo s\u00f3cio propriet\u00e1rio Felipe Gustavo Luiz. Na \u00e9poca trabalhava como l\u00edder de ferramentaria na empresa do seu pai, empresa especializada em radiadores chamada Bersul, onde ajudou a construir a empresa [&hellip;]<\/p>\n","protected":false},"author":1,"featured_media":0,"parent":0,"menu_order":0,"comment_status":"closed","ping_status":"closed","template":"","meta":{"footnotes":""},"class_list":["post-492","page","type-page","status-publish","hentry"],"_links":{"self":[{"href":"https:\/\/indimatec.com.br\/index.php\/wp-json\/wp\/v2\/pages\/492","targetHints":{"allow":["GET"]}}],"collection":[{"href":"https:\/\/indimatec.com.br\/index.php\/wp-json\/wp\/v2\/pages"}],"about":[{"href":"https:\/\/indimatec.com.br\/index.php\/wp-json\/wp\/v2\/types\/page"}],"author":[{"embeddable":true,"href":"https:\/\/indimatec.com.br\/index.php\/wp-json\/wp\/v2\/users\/1"}],"replies":[{"embeddable":true,"href":"https:\/\/indimatec.com.br\/index.php\/wp-json\/wp\/v2\/comments?post=492"}],"version-history":[{"count":79,"href":"https:\/\/indimatec.com.br\/index.php\/wp-json\/wp\/v2\/pages\/492\/revisions"}],"predecessor-version":[{"id":1903,"href":"https:\/\/indimatec.com.br\/index.php\/wp-json\/wp\/v2\/pages\/492\/revisions\/1903"}],"wp:attachment":[{"href":"https:\/\/indimatec.com.br\/index.php\/wp-json\/wp\/v2\/media?parent=492"}],"curies":[{"name":"wp","href":"https:\/\/api.w.org\/{rel}","templated":true}]}}