{"id":1478,"date":"2024-03-10T08:20:29","date_gmt":"2024-03-10T11:20:29","guid":{"rendered":"https:\/\/indimatec.com.br\/?post_type=product&#038;p=1478"},"modified":"2025-04-10T09:38:12","modified_gmt":"2025-04-10T12:38:12","slug":"cortadora-orbital-de-tubos-s11-pro-ecoseries-destacador-de-corte","status":"publish","type":"product","link":"https:\/\/indimatec.com.br\/index.php\/produto\/cortadora-orbital-de-tubos-s11-pro-ecoseries-destacador-de-corte\/","title":{"rendered":"Cortadora Orbital de Tubos S11 PRO ECOSERIES  DESTACADOR DE CORTE"},"content":{"rendered":"<div class=\"w-full text-token-text-primary\" data-testid=\"conversation-turn-14\">\n<div class=\"px-4 py-2 justify-center text-base md:gap-6 m-auto\">\n<div class=\"flex flex-1 text-base mx-auto gap-3 md:px-5 lg:px-1 xl:px-5 md:max-w-3xl lg:max-w-[40rem] xl:max-w-[48rem] group\">\n<div class=\"relative flex w-full flex-col\">\n<div class=\"flex-col gap-1 md:gap-3\">\n<div class=\"flex flex-grow flex-col max-w-full\">\n<div class=\"min-h-[20px] text-message flex flex-col items-start gap-3 whitespace-pre-wrap break-words [.text-message+&amp;]:mt-5 overflow-x-auto\" data-message-author-role=\"user\" data-message-id=\"aaa20f7e-1d80-4b53-a8aa-221f7bbb6ada\">\n<div class=\"\">Falando em qualidade de corte e zero rebarba externa e m\u00ednima interna, essa \u00e9 a nossa m\u00e1quina indicada. Este modelo com o opcional \u201cDestacador de Corte \u201centrega excelente acabamento de circunfer\u00eancia de corte e ao mesmo tempo retrabalho para rebarbamentoda pe\u00e7a j\u00e1 efetuado durante o corte. Tivemos em alguns casos com clientes que a rebarba interna foi igual a zero **. O destacador de corte funciona em conjunto com o cabe\u00e7ote orbital, efetuando o destaque da pe\u00e7a durante o processo de corte. Isso faz com que o cisalhamento do corte seja menor e o m\u00ednimo de rebarba que sobra para a parte interna o destacador desloca \u00e0 frente do tubo. Esse nosso modelo e muito usado em ind\u00fastrias que necessitam efetuar curva ou dobra no tubo depois da pe\u00e7a pronta. M\u00e1quina totalmente constru\u00edda em a\u00e7o, com a base principal da m\u00e1quina totalmente retificada para alinhamento perfeito de todo conjunto. Na entrada da m\u00e1quina, temos dois conjuntos de carros endireitadores, um horizontal e outro vertical. A tra\u00e7\u00e3o do tubo \u00e9 feita por moto redutor acoplado a um conjunto de tracionador com 6 polias em PU-NEOPRENE (tecnologia exclusiva de nossas m\u00e1quinas) controlado por encoder de 2500 PPR. A programa\u00e7\u00e3o do comprimento \u00e9 feita diretamente na IHM, programando o comprimento desejado da pe\u00e7a, a quantidade de pe\u00e7a para produ\u00e7\u00e3o desejada. M\u00e1quina opera totalmente em autom\u00e1tico, parando ao termino do lote de pe\u00e7as programada. O corte orbital \u00e9 um show \u00e0 parte, entrega o que h\u00e1 de melhor no mercado em se tratando de corte orbital de tubos, qualidade superior no corte e durabilidade avan\u00e7ada de todo o conjunto. M\u00e1quina totalmente carenada. A m\u00e1quina j\u00e1 conta com desbobinador incluso. Dispomos de diversas configura\u00e7\u00f5es e opcionais poss\u00edveis para este modelo, como: &#8211; Jogo Adicional de Polias &#8211; Calha de Coleta (colocar o link da calha de coleta aqui) &#8211; Maquina Dupla alta produtividade (colocar o link da m\u00e1quina dupla aqui) &#8211; NR10\/12 Categoria 4 &#8211; Certifica\u00e7\u00e3o CREA engenharia de seguran\u00e7a M\u00e1quina atende os di\u00e2metros de 4 mm at\u00e9 19,05 mm. A produ\u00e7\u00e3o m\u00e9dia de pe\u00e7as da m\u00e1quina em uma pe\u00e7a de 1000 mil\u00edmetros gira em torno de 600 pe\u00e7as por hora**. Consulte nos para projetos especiais para este modelo dentro da sua necessidade.<\/div>\n<div><\/div>\n<div class=\"\">Valores especificados para mais ou para menos (medidos em uma pe\u00e7a de 250 mm).<\/div>\n<div><\/div>\n<div class=\"\">Referencias de valores efetuados em m\u00e9dia de testes internos, com liga de materiais variada, podendo se alterar conforme o tipo de material que se usa, considerando: Espessura de parede Precis\u00e3o de di\u00e2metro fabril Liga do material Tipo de metal.<\/div>\n<\/div>\n<\/div>\n<div class=\"mt-1 flex justify-start gap-3 empty:hidden\">\n<div class=\"text-gray-400 flex self-end lg:self-center justify-center lg:justify-start mt-0 -ml-1 h-7 visible\">\n<div class=\"flex items-center gap-1.5 text-xs\"><\/div>\n<\/div>\n<\/div>\n<\/div>\n<\/div>\n<\/div>\n<\/div>\n<\/div>\n<div class=\"w-full text-token-text-primary\" data-testid=\"conversation-turn-15\">\n<div class=\"px-4 py-2 justify-center text-base md:gap-6 m-auto\">\n<div class=\"flex flex-1 text-base mx-auto gap-3 md:px-5 lg:px-1 xl:px-5 md:max-w-3xl lg:max-w-[40rem] xl:max-w-[48rem] group final-completion\">\n<div class=\"relative flex w-full flex-col agent-turn\">\n<div class=\"flex-col gap-1 md:gap-3\">\n<div class=\"flex flex-grow flex-col max-w-full\">\n<div class=\"min-h-[20px] text-message flex flex-col items-start gap-3 whitespace-pre-wrap break-words [.text-message+&amp;]:mt-5 overflow-x-auto\" data-message-author-role=\"assistant\" data-message-id=\"2fcc7365-280c-4ee5-bcf5-01c9e605f2be\">\n<div class=\"markdown prose w-full break-words dark:prose-invert light\">\n<p><strong>Cortadora de Tubos com Destacador de Corte: Excel\u00eancia em Acabamento e Minimiza\u00e7\u00e3o de Rebarbas<\/strong><\/p>\n<p>Quando se trata de qualidade de corte, zero rebarba externa e m\u00ednima interna, nossa Cortadora de Tubos com Destacador de Corte \u00e9 a escolha indicada. Este modelo, equipado com o opcional &#8220;Destacador de Corte&#8221;, garante um acabamento excepcional na circunfer\u00eancia do corte, reduzindo significativamente a necessidade de retrabalho na remo\u00e7\u00e3o de rebarbas. Em alguns casos, clientes relataram rebarba interna pr\u00f3xima a zero**.<\/p>\n<p><strong>Caracter\u00edsticas e Vantagens:<\/strong><\/p>\n<ol>\n<li><strong>Destacador de Corte Opcional:<\/strong>\n<ul>\n<li>Proporciona excelente acabamento na circunfer\u00eancia do corte.<\/li>\n<li>Minimiza a rebarba interna durante o processo de corte.<\/li>\n<li>Reduz o cisalhamento do corte, resultando em uma rebarba m\u00ednima.<\/li>\n<\/ul>\n<\/li>\n<li><strong>Constru\u00e7\u00e3o Robusta:<\/strong>\n<ul>\n<li>M\u00e1quina totalmente constru\u00edda em a\u00e7o, com a base principal retificada para garantir um alinhamento perfeito.<\/li>\n<li>Estrutura s\u00f3lida projetada para durabilidade e estabilidade.<\/li>\n<\/ul>\n<\/li>\n<li><strong>Sistema de Tra\u00e7\u00e3o Inovador:<\/strong>\n<ul>\n<li>Dois conjuntos de carros endireitadores na entrada da m\u00e1quina, horizontal e vertical.<\/li>\n<li>Tra\u00e7\u00e3o do tubo eficiente, proporcionada por moto redutor acoplado a um conjunto de tracionador com 6 polias em PU-NEOPRENE, controlado por encoder de 2500 PPR.<\/li>\n<\/ul>\n<\/li>\n<li><strong>Automatiza\u00e7\u00e3o Avan\u00e7ada:<\/strong>\n<ul>\n<li>Programa\u00e7\u00e3o de comprimento realizada diretamente na IHM, permitindo configurar o comprimento desejado e a quantidade de pe\u00e7as para produ\u00e7\u00e3o.<\/li>\n<li>Opera\u00e7\u00e3o totalmente autom\u00e1tica, interrompendo-se ao concluir o lote de pe\u00e7as programado.<\/li>\n<\/ul>\n<\/li>\n<li><strong>Corte Orbital de Alta Performance:<\/strong>\n<ul>\n<li>O sistema de corte orbital oferece qualidade superior e durabilidade avan\u00e7ada.<\/li>\n<li>M\u00e1quina totalmente carenada para seguran\u00e7a e efici\u00eancia.<\/li>\n<\/ul>\n<\/li>\n<\/ol>\n<p><strong>Configura\u00e7\u00f5es e Opcionais:<\/strong><\/p>\n<ul>\n<li>Jogo Adicional de Polias.<\/li>\n<li>Calha de Coleta (link incluso).<\/li>\n<li>M\u00e1quina Dupla para alta produtividade (link incluso).<\/li>\n<li>Conformidade com NR10\/12 Categoria 4.<\/li>\n<li>Certifica\u00e7\u00e3o CREA em engenharia de seguran\u00e7a.<\/li>\n<\/ul>\n<p><strong>Especifica\u00e7\u00f5es T\u00e9cnicas:<\/strong><\/p>\n<ul>\n<li>Di\u00e2metros atendidos: 4 mm at\u00e9 19,05 mm.<\/li>\n<li>Produ\u00e7\u00e3o m\u00e9dia de 600 pe\u00e7as por hora em uma pe\u00e7a de 1000 mil\u00edmetros**.<\/li>\n<\/ul>\n<p><strong>Observa\u00e7\u00f5es Importantes:<\/strong><\/p>\n<ul>\n<li>Valores especificados podem variar para mais ou menos, medidos em uma pe\u00e7a de 250 mm**.<\/li>\n<li>Refer\u00eancias de valores baseadas em m\u00e9dias de testes internos, sujeitas a altera\u00e7\u00f5es conforme caracter\u00edsticas do material utilizado.<\/li>\n<\/ul>\n<p><strong>Projetos Especiais:<\/strong> Consulte-nos para projetos personalizados de acordo com suas necessidades espec\u00edficas. A Cortadora de Tubos com Destacador de Corte \u00e9 a solu\u00e7\u00e3o ideal para quem busca efici\u00eancia, precis\u00e3o e um acabamento superior.<\/p>\n<\/div>\n<\/div>\n<\/div>\n<\/div>\n<\/div>\n<\/div>\n<\/div>\n<\/div>\n","protected":false},"excerpt":{"rendered":"[video width=\"848\" height=\"480\"][\/video]\n","protected":false},"featured_media":1933,"comment_status":"open","ping_status":"closed","template":"","meta":[],"product_brand":[],"product_cat":[24],"product_tag":[],"class_list":{"0":"post-1478","1":"product","2":"type-product","3":"status-publish","4":"has-post-thumbnail","6":"product_cat-cortadoras-orbital-de-tubos","8":"first","9":"instock","10":"shipping-taxable","11":"product-type-simple"},"_links":{"self":[{"href":"https:\/\/indimatec.com.br\/index.php\/wp-json\/wp\/v2\/product\/1478","targetHints":{"allow":["GET"]}}],"collection":[{"href":"https:\/\/indimatec.com.br\/index.php\/wp-json\/wp\/v2\/product"}],"about":[{"href":"https:\/\/indimatec.com.br\/index.php\/wp-json\/wp\/v2\/types\/product"}],"replies":[{"embeddable":true,"href":"https:\/\/indimatec.com.br\/index.php\/wp-json\/wp\/v2\/comments?post=1478"}],"wp:featuredmedia":[{"embeddable":true,"href":"https:\/\/indimatec.com.br\/index.php\/wp-json\/wp\/v2\/media\/1933"}],"wp:attachment":[{"href":"https:\/\/indimatec.com.br\/index.php\/wp-json\/wp\/v2\/media?parent=1478"}],"wp:term":[{"taxonomy":"product_brand","embeddable":true,"href":"https:\/\/indimatec.com.br\/index.php\/wp-json\/wp\/v2\/product_brand?post=1478"},{"taxonomy":"product_cat","embeddable":true,"href":"https:\/\/indimatec.com.br\/index.php\/wp-json\/wp\/v2\/product_cat?post=1478"},{"taxonomy":"product_tag","embeddable":true,"href":"https:\/\/indimatec.com.br\/index.php\/wp-json\/wp\/v2\/product_tag?post=1478"}],"curies":[{"name":"wp","href":"https:\/\/api.w.org\/{rel}","templated":true}]}}