{"id":1524,"date":"2024-03-10T09:17:17","date_gmt":"2024-03-10T12:17:17","guid":{"rendered":"https:\/\/indimatec.com.br\/?post_type=product&#038;p=1524"},"modified":"2025-06-17T11:22:04","modified_gmt":"2025-06-17T14:22:04","slug":"prensa-aletadeira-estampadeira-automatica","status":"publish","type":"product","link":"https:\/\/indimatec.com.br\/index.php\/produto\/prensa-aletadeira-estampadeira-automatica\/","title":{"rendered":"Prensa Aletadeira Estampadeira Autom\u00e1tica"},"content":{"rendered":"<p>Somos a \u00fanica empresa no Brasil a oferecer um modelo de Prensa Aletadeira totalmente pronto para o cliente. Desde o estrutural da m\u00e1quina at\u00e9 os estampos, componentes mec\u00e2nicos, painel el\u00e9trico, automa\u00e7\u00e3o e engenharia de software, cuidamos de cada detalhe para entregar uma m\u00e1quina pronta para produ\u00e7\u00e3o. Esse modelo \u00e9 especialmente indicado para fabricantes de aletados, como radiadores, intercoolers, evaporadores, condensadores, e fabricantes de placas solares, entre outros que necessitam de processos de estampagem autom\u00e1ticos.<\/p>\n<p><strong>Dois Modelos Dispon\u00edveis:<\/strong><\/p>\n<ol>\n<li><strong>Prensa Aletadeira Modelo Simples:<\/strong>\n<ul>\n<li>Um lado de produ\u00e7\u00e3o.<\/li>\n<\/ul>\n<\/li>\n<li><strong>Prensa Aletadeira Modelo Dupla:<\/strong>\n<ul>\n<li>Dois lados de produ\u00e7\u00e3o em uma \u00fanica estrutura.<\/li>\n<li>Dobro da produ\u00e7\u00e3o ou produ\u00e7\u00e3o simult\u00e2nea de dois modelos diferentes de aletas.<\/li>\n<\/ul>\n<\/li>\n<\/ol>\n<p><strong>Principais Caracter\u00edsticas:<\/strong><\/p>\n<ul>\n<li><strong>Automa\u00e7\u00e3o Completa:<\/strong> Trabalha totalmente em autom\u00e1tico, program\u00e1vel diretamente na IHM (Interface Homem-M\u00e1quina).<\/li>\n<li><strong>Programa\u00e7\u00e3o Flex\u00edvel:<\/strong> Configure a quantidade de furos desejados nas aletas e a quantidade de pe\u00e7as para o lote de produ\u00e7\u00e3o.<\/li>\n<li><strong>Desbobinador Autom\u00e1tico:<\/strong> Libera o material conforme a necessidade da m\u00e1quina.<\/li>\n<\/ul>\n<p><strong>Conjunto Inclui:<\/strong><\/p>\n<ul>\n<li>Prensa Hidr\u00e1ulica (Simples ou Dupla)<\/li>\n<li>Estampo de Corte e Repuxo de Aletas (personalizado conforme a necessidade do cliente)<\/li>\n<li>Alimentador Pneum\u00e1tico<\/li>\n<li>Espa\u00e7ador para Corte Multi Furos<\/li>\n<li>Guilhotina Pneum\u00e1tica<\/li>\n<li>Calandra de Endireitamento e Lubrifica\u00e7\u00e3o da Fita para a Estampagem<\/li>\n<li>Painel de Comando<\/li>\n<li>IHM e CLP<\/li>\n<li>Desbobinador Autom\u00e1tico para Fita<\/li>\n<\/ul>\n<p><strong>Vantagens do Modelo Duplo:<\/strong><\/p>\n<ul>\n<li>Produ\u00e7\u00e3o dobrada em uma \u00fanica estrutura.<\/li>\n<li>Produ\u00e7\u00e3o simult\u00e2nea de dois modelos diferentes de aletas.<\/li>\n<li>Custo 30% menor em compara\u00e7\u00e3o \u00e0 compra de duas Prensas Simples.<\/li>\n<\/ul>\n<p><strong>Consulte-nos para Projetos Especiais:<\/strong> Estamos prontos para atender \u00e0s suas necessidades espec\u00edficas. Consulte-nos para projetos especiais e descubra como simplificar e aprimorar a produ\u00e7\u00e3o de aletados em sua empresa.<\/p>\n","protected":false},"excerpt":{"rendered":"[video width=\"848\" height=\"480\" mp4=\"https:\/\/indimatec.com.br\/wp-content\/uploads\/2024\/03\/IMG_9132-1.mp4\"][\/video]\n[video width=\"848\" height=\"480\" mp4=\"https:\/\/indimatec.com.br\/wp-content\/uploads\/2024\/03\/IMG_9131-1.mp4\"][\/video]\n[video width=\"848\" height=\"480\"][\/video]\n","protected":false},"featured_media":1992,"comment_status":"open","ping_status":"closed","template":"","meta":[],"product_brand":[],"product_cat":[26],"product_tag":[],"class_list":{"0":"post-1524","1":"product","2":"type-product","3":"status-publish","4":"has-post-thumbnail","6":"product_cat-prensas-e-montagem-de-aletas","8":"first","9":"instock","10":"shipping-taxable","11":"product-type-simple"},"_links":{"self":[{"href":"https:\/\/indimatec.com.br\/index.php\/wp-json\/wp\/v2\/product\/1524","targetHints":{"allow":["GET"]}}],"collection":[{"href":"https:\/\/indimatec.com.br\/index.php\/wp-json\/wp\/v2\/product"}],"about":[{"href":"https:\/\/indimatec.com.br\/index.php\/wp-json\/wp\/v2\/types\/product"}],"replies":[{"embeddable":true,"href":"https:\/\/indimatec.com.br\/index.php\/wp-json\/wp\/v2\/comments?post=1524"}],"wp:featuredmedia":[{"embeddable":true,"href":"https:\/\/indimatec.com.br\/index.php\/wp-json\/wp\/v2\/media\/1992"}],"wp:attachment":[{"href":"https:\/\/indimatec.com.br\/index.php\/wp-json\/wp\/v2\/media?parent=1524"}],"wp:term":[{"taxonomy":"product_brand","embeddable":true,"href":"https:\/\/indimatec.com.br\/index.php\/wp-json\/wp\/v2\/product_brand?post=1524"},{"taxonomy":"product_cat","embeddable":true,"href":"https:\/\/indimatec.com.br\/index.php\/wp-json\/wp\/v2\/product_cat?post=1524"},{"taxonomy":"product_tag","embeddable":true,"href":"https:\/\/indimatec.com.br\/index.php\/wp-json\/wp\/v2\/product_tag?post=1524"}],"curies":[{"name":"wp","href":"https:\/\/api.w.org\/{rel}","templated":true}]}}