{"id":1542,"date":"2024-03-10T09:27:33","date_gmt":"2024-03-10T12:27:33","guid":{"rendered":"https:\/\/indimatec.com.br\/?post_type=product&#038;p=1542"},"modified":"2025-12-08T15:53:34","modified_gmt":"2025-12-08T18:53:34","slug":"mesa-de-montagem-de-aletas","status":"publish","type":"product","link":"https:\/\/indimatec.com.br\/index.php\/produto\/mesa-de-montagem-de-aletas\/","title":{"rendered":"Mesa de Montagem de Aletas"},"content":{"rendered":"<p>Somos uma das \u00fanicas empresas no Brasil especializadas na fabrica\u00e7\u00e3o e montagem de mesas para blocos e colmeias de radiadores e intercoolers. Constru\u00edmos mesas sob medida, adaptando-as \u00e0s necessidades e tamanhos espec\u00edficos de nossos clientes. Nossos padr\u00f5es de produ\u00e7\u00e3o incluem pentes constitu\u00eddos em pl\u00e1stico naval de \u00faltima gera\u00e7\u00e3o, garantindo alt\u00edssima resist\u00eancia e durabilidade, com canais variando de 4 a 10 aletas por polegada.<\/p>\n<p><strong>Caracter\u00edsticas Principais:<\/strong><\/p>\n<ul>\n<li><strong>Pentes Frisados:<\/strong> Constru\u00eddos em pl\u00e1stico naval de \u00faltima gera\u00e7\u00e3o, oferecendo resist\u00eancia e durabilidade excepcionais.<\/li>\n<li><strong>Variedade de Canais:<\/strong> Disponibilizamos canais com 4, 5, 6, 7, 8,5 e 10 aletas por polegada para atender diversas aplica\u00e7\u00f5es.<\/li>\n<li><strong>Estrutura Robusta:<\/strong> A mesa \u00e9 constru\u00edda em a\u00e7o cantoneira 2&#8243; x 2&#8243; x 1\/4&#8243;, proporcionando robustez e estabilidade.<\/li>\n<li><strong>Regulagem de Altura:<\/strong> Ajuste f\u00e1cil e preciso atrav\u00e9s de rosca sem fim, permitindo adaptar a mesa conforme a necessidade.<\/li>\n<li><strong>Base para Expansor:<\/strong> Frente com base de apoio e regulagem de altura para expansor de tubos.<\/li>\n<\/ul>\n<p><strong>Composi\u00e7\u00e3o da Mesa:<\/strong><\/p>\n<ul>\n<li>Estrutura em A\u00e7o Cantoneira<\/li>\n<li>Pentes Frisados para Montagem das Aletas<\/li>\n<li>Rosca Sem Fim para Regulagem Individual<\/li>\n<li>Base para Expansor com Regulagem de Altura<\/li>\n<li>Fura\u00e7\u00e3o e Usinagem em CNC para Precis\u00e3o<\/li>\n<\/ul>\n<p><strong>Consulte-nos para Projetos Especiais:<\/strong> Entendemos que cada produ\u00e7\u00e3o \u00e9 \u00fanica. Consulte-nos para projetos especiais e descubra como nossa mesa personalizada pode otimizar e aprimorar sua linha de produ\u00e7\u00e3o de radiadores e intercoolers. Estamos prontos para atender \u00e0s suas necessidades espec\u00edficas.<\/p>\n","protected":false},"excerpt":{"rendered":"[video width=\"848\" height=\"480\" mp4=\"https:\/\/indimatec.com.br\/wp-content\/uploads\/2024\/03\/Video-do-WhatsApp-de-2024-02-15-as-17.58.03_14caf9dc.mp4\"][\/video]\n","protected":false},"featured_media":2222,"comment_status":"open","ping_status":"closed","template":"","meta":[],"product_brand":[],"product_cat":[26],"product_tag":[],"class_list":{"0":"post-1542","1":"product","2":"type-product","3":"status-publish","4":"has-post-thumbnail","6":"product_cat-prensas-e-montagem-de-aletas","8":"first","9":"instock","10":"shipping-taxable","11":"product-type-simple"},"_links":{"self":[{"href":"https:\/\/indimatec.com.br\/index.php\/wp-json\/wp\/v2\/product\/1542","targetHints":{"allow":["GET"]}}],"collection":[{"href":"https:\/\/indimatec.com.br\/index.php\/wp-json\/wp\/v2\/product"}],"about":[{"href":"https:\/\/indimatec.com.br\/index.php\/wp-json\/wp\/v2\/types\/product"}],"replies":[{"embeddable":true,"href":"https:\/\/indimatec.com.br\/index.php\/wp-json\/wp\/v2\/comments?post=1542"}],"wp:featuredmedia":[{"embeddable":true,"href":"https:\/\/indimatec.com.br\/index.php\/wp-json\/wp\/v2\/media\/2222"}],"wp:attachment":[{"href":"https:\/\/indimatec.com.br\/index.php\/wp-json\/wp\/v2\/media?parent=1542"}],"wp:term":[{"taxonomy":"product_brand","embeddable":true,"href":"https:\/\/indimatec.com.br\/index.php\/wp-json\/wp\/v2\/product_brand?post=1542"},{"taxonomy":"product_cat","embeddable":true,"href":"https:\/\/indimatec.com.br\/index.php\/wp-json\/wp\/v2\/product_cat?post=1542"},{"taxonomy":"product_tag","embeddable":true,"href":"https:\/\/indimatec.com.br\/index.php\/wp-json\/wp\/v2\/product_tag?post=1542"}],"curies":[{"name":"wp","href":"https:\/\/api.w.org\/{rel}","templated":true}]}}