{"id":1557,"date":"2024-03-10T09:39:03","date_gmt":"2024-03-10T12:39:03","guid":{"rendered":"https:\/\/indimatec.com.br\/?post_type=product&#038;p=1557"},"modified":"2024-04-06T23:23:18","modified_gmt":"2024-04-07T02:23:18","slug":"kit-fabrica-de-blocos-de-aluminio-radiadores-evaporadores-condensadores-aletados","status":"publish","type":"product","link":"https:\/\/indimatec.com.br\/index.php\/produto\/kit-fabrica-de-blocos-de-aluminio-radiadores-evaporadores-condensadores-aletados\/","title":{"rendered":"Kit F\u00e1brica de Blocos de Alum\u00ednio  Radiadores Evaporadores Condensadores Aletados"},"content":{"rendered":"<p>Introduzindo nosso kit \u00fanico e exclusivo de produ\u00e7\u00e3o no Brasil, oferecemos a voc\u00ea a f\u00e1brica completa para blocos de alum\u00ednio, destinados a radiadores, evaporadores, condensadores ou adaptados conforme suas necessidades espec\u00edficas. Este kit \u00e9 projetado e produzido em nossa instala\u00e7\u00e3o, pronto para ser integrado \u00e0 sua linha de produ\u00e7\u00e3o, proporcionando uma transi\u00e7\u00e3o suave para a fabrica\u00e7\u00e3o pr\u00f3pria.<\/p>\n<p><strong>Componentes do Kit:<\/strong><\/p>\n<ol>\n<li><strong>Prensa Aletadeira Estampadeira Autom\u00e1tica:<\/strong> Link da Prensa (inserir link)<\/li>\n<li><strong>Automa\u00e7\u00e3o Eletroeletr\u00f4nica para Prensa:<\/strong> Link da Automa\u00e7\u00e3o (inserir link)<\/li>\n<li><strong>Conjunto Mec\u00e2nico Completo para Automa\u00e7\u00e3o da Prensa:<\/strong> Link da Prensa (inserir link)<\/li>\n<li><strong>Desbobinador de Chapa Autom\u00e1tico<\/strong><\/li>\n<li><strong>Cortadora de Tubos Compacta:<\/strong> Link da Cortadora Compacta (inserir link)<\/li>\n<li><strong>Desbobinador de Tubos<\/strong><\/li>\n<li><strong>Mesa de Montagem de Aletas:<\/strong> Link da Mesa de Montagem (inserir link)<\/li>\n<li><strong>Expansor Pneum\u00e1tico para Expans\u00e3o de Tubos na Mesa<\/strong><\/li>\n<\/ol>\n<p>Al\u00e9m de fornecer uma f\u00e1brica completa, oferecemos treinamento personalizado diretamente em sua empresa. Nosso treinamento abrange a opera\u00e7\u00e3o eficiente dos equipamentos, ajustes finos das m\u00e1quinas, informa\u00e7\u00f5es t\u00e9cnicas para produ\u00e7\u00e3o, como a sele\u00e7\u00e3o adequada de ligas de materiais e fornecedores confi\u00e1veis, al\u00e9m de orienta\u00e7\u00e3o sobre todo o processo necess\u00e1rio para iniciar e gerenciar a produ\u00e7\u00e3o em suas instala\u00e7\u00f5es.<\/p>\n<p><strong>Contate-nos para Projetos Especiais:<\/strong> Entre em contato direto para obter detalhes espec\u00edficos sobre este kit exclusivo desenvolvido pela Indimatec e LGMAC. Estamos prontos para atender \u00e0s suas necessidades e ajudar na implementa\u00e7\u00e3o de uma solu\u00e7\u00e3o completa para sua produ\u00e7\u00e3o de blocos de alum\u00ednio.<\/p>\n","protected":false},"excerpt":{"rendered":"[video width=\"352\" height=\"640\" mp4=\"https:\/\/indimatec.com.br\/wp-content\/uploads\/2024\/03\/WhatsApp-Video-2024-04-06-at-11.04.26-PM.mp4\"][\/video]\n","protected":false},"featured_media":1761,"comment_status":"open","ping_status":"closed","template":"","meta":[],"product_brand":[],"product_cat":[25],"product_tag":[],"class_list":{"0":"post-1557","1":"product","2":"type-product","3":"status-publish","4":"has-post-thumbnail","6":"product_cat-kits-e-acessorios","8":"first","9":"instock","10":"shipping-taxable","11":"product-type-simple"},"_links":{"self":[{"href":"https:\/\/indimatec.com.br\/index.php\/wp-json\/wp\/v2\/product\/1557","targetHints":{"allow":["GET"]}}],"collection":[{"href":"https:\/\/indimatec.com.br\/index.php\/wp-json\/wp\/v2\/product"}],"about":[{"href":"https:\/\/indimatec.com.br\/index.php\/wp-json\/wp\/v2\/types\/product"}],"replies":[{"embeddable":true,"href":"https:\/\/indimatec.com.br\/index.php\/wp-json\/wp\/v2\/comments?post=1557"}],"wp:featuredmedia":[{"embeddable":true,"href":"https:\/\/indimatec.com.br\/index.php\/wp-json\/wp\/v2\/media\/1761"}],"wp:attachment":[{"href":"https:\/\/indimatec.com.br\/index.php\/wp-json\/wp\/v2\/media?parent=1557"}],"wp:term":[{"taxonomy":"product_brand","embeddable":true,"href":"https:\/\/indimatec.com.br\/index.php\/wp-json\/wp\/v2\/product_brand?post=1557"},{"taxonomy":"product_cat","embeddable":true,"href":"https:\/\/indimatec.com.br\/index.php\/wp-json\/wp\/v2\/product_cat?post=1557"},{"taxonomy":"product_tag","embeddable":true,"href":"https:\/\/indimatec.com.br\/index.php\/wp-json\/wp\/v2\/product_tag?post=1557"}],"curies":[{"name":"wp","href":"https:\/\/api.w.org\/{rel}","templated":true}]}}