{"id":1559,"date":"2024-03-10T09:49:11","date_gmt":"2024-03-10T12:49:11","guid":{"rendered":"https:\/\/indimatec.com.br\/?post_type=product&#038;p=1559"},"modified":"2024-04-06T23:04:24","modified_gmt":"2024-04-07T02:04:24","slug":"faca-de-corte-orbital","status":"publish","type":"product","link":"https:\/\/indimatec.com.br\/index.php\/produto\/faca-de-corte-orbital\/","title":{"rendered":"Faca de Corte Orbital"},"content":{"rendered":"<div style=\"width: 800px;\" class=\"wp-video\"><video class=\"wp-video-shortcode\" id=\"video-1559-1\" width=\"800\" height=\"453\" preload=\"metadata\" controls=\"controls\"><source type=\"video\/mp4\" src=\"https:\/\/indimatec.com.br\/wp-content\/uploads\/2024\/03\/Video-do-WhatsApp-de-2024-02-15-as-18.45.08_96200dbe.mp4?_=1\" \/><a href=\"https:\/\/indimatec.com.br\/wp-content\/uploads\/2024\/03\/Video-do-WhatsApp-de-2024-02-15-as-18.45.08_96200dbe.mp4\">https:\/\/indimatec.com.br\/wp-content\/uploads\/2024\/03\/Video-do-WhatsApp-de-2024-02-15-as-18.45.08_96200dbe.mp4<\/a><\/video><\/div>\n<p>Nossas facas orbitais apresentam um design exclusivo e \u00fanico, desenvolvido ao longo de mais de duas d\u00e9cadas para proporcionar os melhores resultados em acabamento de corte e durabilidade. Fabricadas com material importado da It\u00e1lia, essas facas s\u00e3o projetadas para atender uma variedade de ligas, incluindo:<\/p>\n<ul>\n<li>Cobre<\/li>\n<li>Alum\u00ednio<\/li>\n<li>A\u00e7o Inoxid\u00e1vel<\/li>\n<li>A\u00e7o Carbono<\/li>\n<li>A\u00e7o Galvanizado<\/li>\n<li>Lat\u00e3o<\/li>\n<li>Tubos Capilares<\/li>\n<\/ul>\n<p>Al\u00e9m da versatilidade em termos de materiais, nossas facas orbitais se destacam pela durabilidade excepcional. Elas foram desenvolvidas para oferecer uma longa vida \u00fatil, mantendo a precis\u00e3o e a qualidade de corte ao longo do tempo. Um dos diferenciais \u00e9 o processo de reafia\u00e7\u00e3o, que permite restaurar a faca, proporcionando uma durabilidade de at\u00e9 70%, com um custo aproximadamente seis vezes menor em compara\u00e7\u00e3o \u00e0 aquisi\u00e7\u00e3o de uma pe\u00e7a nova.<\/p>\n<p><strong>Vantagens do Nosso Modelo de Faca Orbital:<\/strong><\/p>\n<ol>\n<li><strong>Durabilidade Excepcional:<\/strong> Desenvolvida para suportar o desgaste cont\u00ednuo e manter a qualidade do corte.<\/li>\n<li><strong>Material de Alta Qualidade:<\/strong> Importado da It\u00e1lia para garantir desempenho superior.<\/li>\n<li><strong>Versatilidade em Materiais:<\/strong> Atende uma variedade de ligas, adaptando-se \u00e0s necessidades espec\u00edficas de sua produ\u00e7\u00e3o.<\/li>\n<li><strong>Reafia\u00e7\u00e3o Eficiente:<\/strong> Processo econ\u00f4mico para restaurar a faca, estendendo sua vida \u00fatil.<\/li>\n<\/ol>\n<p><strong>Consulte-nos para Projetos Especiais:<\/strong> Estamos dispon\u00edveis para discutir projetos especiais adaptados \u00e0s suas necessidades espec\u00edficas. Entre em contato para obter mais informa\u00e7\u00f5es sobre nosso conjunto de facas orbitais e descubra como podemos otimizar seu processo de corte.<\/p>\n","protected":false},"excerpt":{"rendered":"<p>Nossas facas orbitais apresentam um design exclusivo e \u00fanico, desenvolvido ao longo de mais de duas d\u00e9cadas para proporcionar os melhores resultados em acabamento de corte e durabilidade. Fabricadas com material importado da It\u00e1lia, essas facas s\u00e3o projetadas para atender uma variedade de ligas, incluindo: Cobre Alum\u00ednio A\u00e7o Inoxid\u00e1vel A\u00e7o Carbono A\u00e7o Galvanizado Lat\u00e3o Tubos [&hellip;]<\/p>\n","protected":false},"featured_media":1756,"comment_status":"open","ping_status":"closed","template":"","meta":[],"product_brand":[],"product_cat":[25],"product_tag":[],"class_list":{"0":"post-1559","1":"product","2":"type-product","3":"status-publish","4":"has-post-thumbnail","6":"product_cat-kits-e-acessorios","8":"first","9":"instock","10":"shipping-taxable","11":"product-type-simple"},"_links":{"self":[{"href":"https:\/\/indimatec.com.br\/index.php\/wp-json\/wp\/v2\/product\/1559","targetHints":{"allow":["GET"]}}],"collection":[{"href":"https:\/\/indimatec.com.br\/index.php\/wp-json\/wp\/v2\/product"}],"about":[{"href":"https:\/\/indimatec.com.br\/index.php\/wp-json\/wp\/v2\/types\/product"}],"replies":[{"embeddable":true,"href":"https:\/\/indimatec.com.br\/index.php\/wp-json\/wp\/v2\/comments?post=1559"}],"wp:featuredmedia":[{"embeddable":true,"href":"https:\/\/indimatec.com.br\/index.php\/wp-json\/wp\/v2\/media\/1756"}],"wp:attachment":[{"href":"https:\/\/indimatec.com.br\/index.php\/wp-json\/wp\/v2\/media?parent=1559"}],"wp:term":[{"taxonomy":"product_brand","embeddable":true,"href":"https:\/\/indimatec.com.br\/index.php\/wp-json\/wp\/v2\/product_brand?post=1559"},{"taxonomy":"product_cat","embeddable":true,"href":"https:\/\/indimatec.com.br\/index.php\/wp-json\/wp\/v2\/product_cat?post=1559"},{"taxonomy":"product_tag","embeddable":true,"href":"https:\/\/indimatec.com.br\/index.php\/wp-json\/wp\/v2\/product_tag?post=1559"}],"curies":[{"name":"wp","href":"https:\/\/api.w.org\/{rel}","templated":true}]}}