{"id":1584,"date":"2024-03-10T10:22:36","date_gmt":"2024-03-10T13:22:36","guid":{"rendered":"https:\/\/indimatec.com.br\/?post_type=product&#038;p=1584"},"modified":"2024-03-26T21:56:11","modified_gmt":"2024-03-27T00:56:11","slug":"manutencao-e-reforma-mecanica-e-eletrica","status":"publish","type":"product","link":"https:\/\/indimatec.com.br\/index.php\/produto\/manutencao-e-reforma-mecanica-e-eletrica\/","title":{"rendered":"Manuten\u00e7\u00e3o e Reforma Mec\u00e2nica e El\u00e9trica"},"content":{"rendered":"<p>Novidade a partir deste ano de 2024, estamos efetuando servi\u00e7os de manuten\u00e7\u00f5es mec\u00e2nicas e tamb\u00e9m el\u00e9tricas em nossas m\u00e1quinas *. Atendemos os seguintes servi\u00e7os:<\/p>\n<p>&nbsp;<\/p>\n<p><strong>&#8211; Manuten\u00e7\u00e3o e reforma e atualiza\u00e7\u00e3o mec\u00e2nicas de nossas m\u00e1quinas<\/strong><\/p>\n<p><strong>&#8211; Manuten\u00e7\u00e3o e reforma do Cabe\u00e7ote de Corte Orbital<\/strong><\/p>\n<p><strong>&#8211; Manuten\u00e7\u00e3o e reforma estampos de aletas e estampos de cabeceiras<\/strong><\/p>\n<p><strong>&#8211; Manuten\u00e7\u00e3o e reforma Estrutural<\/strong><\/p>\n<p><strong>&#8211; Manuten\u00e7\u00e3o e reforma painel el\u00e9trico<\/strong><\/p>\n<p><strong>\u00ad- Manuten\u00e7\u00e3o e reforma e instala\u00e7\u00e3o IHM e CLP \u00faltima gera\u00e7\u00e3o<\/strong><\/p>\n","protected":false},"excerpt":{"rendered":"<p>Novidade a partir deste ano de 2024, estamos efetuando servi\u00e7os de manuten\u00e7\u00f5es mec\u00e2nicas e tamb\u00e9m el\u00e9tricas em nossas m\u00e1quinas *. Atendemos os seguintes servi\u00e7os: &nbsp; &#8211; Manuten\u00e7\u00e3o e reforma e atualiza\u00e7\u00e3o mec\u00e2nicas de nossas m\u00e1quinas &#8211; Manuten\u00e7\u00e3o e reforma do Cabe\u00e7ote de Corte Orbital &#8211; Manuten\u00e7\u00e3o e reforma estampos de aletas e estampos de cabeceiras [&hellip;]<\/p>\n","protected":false},"featured_media":1765,"comment_status":"open","ping_status":"closed","template":"","meta":[],"product_brand":[],"product_cat":[27,23,24,28,26],"product_tag":[],"class_list":{"0":"post-1584","1":"product","2":"type-product","3":"status-publish","4":"has-post-thumbnail","6":"product_cat-blocos-de-aluminio-para-radiadores","7":"product_cat-cortadoras-de-tubos","8":"product_cat-cortadoras-orbital-de-tubos","9":"product_cat-maquinas-para-energia-solar","10":"product_cat-prensas-e-montagem-de-aletas","12":"first","13":"instock","14":"shipping-taxable","15":"product-type-simple"},"_links":{"self":[{"href":"https:\/\/indimatec.com.br\/index.php\/wp-json\/wp\/v2\/product\/1584","targetHints":{"allow":["GET"]}}],"collection":[{"href":"https:\/\/indimatec.com.br\/index.php\/wp-json\/wp\/v2\/product"}],"about":[{"href":"https:\/\/indimatec.com.br\/index.php\/wp-json\/wp\/v2\/types\/product"}],"replies":[{"embeddable":true,"href":"https:\/\/indimatec.com.br\/index.php\/wp-json\/wp\/v2\/comments?post=1584"}],"wp:featuredmedia":[{"embeddable":true,"href":"https:\/\/indimatec.com.br\/index.php\/wp-json\/wp\/v2\/media\/1765"}],"wp:attachment":[{"href":"https:\/\/indimatec.com.br\/index.php\/wp-json\/wp\/v2\/media?parent=1584"}],"wp:term":[{"taxonomy":"product_brand","embeddable":true,"href":"https:\/\/indimatec.com.br\/index.php\/wp-json\/wp\/v2\/product_brand?post=1584"},{"taxonomy":"product_cat","embeddable":true,"href":"https:\/\/indimatec.com.br\/index.php\/wp-json\/wp\/v2\/product_cat?post=1584"},{"taxonomy":"product_tag","embeddable":true,"href":"https:\/\/indimatec.com.br\/index.php\/wp-json\/wp\/v2\/product_tag?post=1584"}],"curies":[{"name":"wp","href":"https:\/\/api.w.org\/{rel}","templated":true}]}}